{"id":1249,"date":"2020-08-24T18:19:31","date_gmt":"2020-08-24T16:19:31","guid":{"rendered":"http:\/\/www.aprz.eu\/refonte\/comptabilite\/"},"modified":"2020-11-01T13:27:14","modified_gmt":"2020-11-01T12:27:14","slug":"contabilita","status":"publish","type":"page","link":"https:\/\/www.aprz.eu\/it\/contabilita\/","title":{"rendered":"Contabilit\u00e0"},"content":{"rendered":"\t\t<div data-elementor-type=\"wp-page\" data-elementor-id=\"1249\" class=\"elementor elementor-1249 elementor-662\" data-elementor-post-type=\"page\">\n\t\t\t\t\t\t<section class=\"elementor-section elementor-top-section elementor-element elementor-element-6af19225 elementor-section-full_width elementor-section-height-default elementor-section-height-default\" data-id=\"6af19225\" data-element_type=\"section\" data-e-type=\"section\" data-settings=\"{&quot;background_background&quot;:&quot;classic&quot;}\">\n\t\t\t\t\t\t<div class=\"elementor-container elementor-column-gap-default\">\n\t\t\t\t\t<div class=\"elementor-column elementor-col-50 elementor-top-column elementor-element elementor-element-2f884f1\" data-id=\"2f884f1\" data-element_type=\"column\" data-e-type=\"column\">\n\t\t\t<div class=\"elementor-widget-wrap elementor-element-populated\">\n\t\t\t\t\t\t<div class=\"elementor-element elementor-element-4985b6c2 elementor-widget elementor-widget-heading\" data-id=\"4985b6c2\" data-element_type=\"widget\" data-e-type=\"widget\" data-widget_type=\"heading.default\">\n\t\t\t\t<div class=\"elementor-widget-container\">\n\t\t\t\t\t<h1 class=\"elementor-heading-title elementor-size-default\">APRZ  <br><b>CONTABILIT\u00c0<\/b><\/h1>\t\t\t\t<\/div>\n\t\t\t\t<\/div>\n\t\t\t\t\t<\/div>\n\t\t<\/div>\n\t\t\t\t<div class=\"elementor-column elementor-col-50 elementor-top-column elementor-element elementor-element-12dc735f\" data-id=\"12dc735f\" data-element_type=\"column\" data-e-type=\"column\">\n\t\t\t<div class=\"elementor-widget-wrap elementor-element-populated\">\n\t\t\t\t\t\t<div class=\"elementor-element elementor-element-708df6c6 elementor-widget elementor-widget-text-editor\" data-id=\"708df6c6\" data-element_type=\"widget\" data-e-type=\"widget\" data-widget_type=\"text-editor.default\">\n\t\t\t\t<div class=\"elementor-widget-container\">\n\t\t\t\t\t\t\t\t\t<h5><span style=\"color: #cc0000;\"><strong><em>La tenuta di una contabilit\u00e0 \u00e8 obbligatoria in Francia?<\/em><\/strong><\/span><\/h5>\nLa tenuta di una contabilit\u00e0 per la vostra attivit\u00e0 in Francia sar\u00e0 in ogni caso un obbligo, salvo:\n\nil regime delle microimprese in Francia \u00e8 esentato dalla tenuta di una contabilit\u00e0, perch\u00e9 in questo regime la fiscalit\u00e0 si basa esclusivamente sul livello del fatturato. Tuttavia, oltre 40.000 \u20ac di fatturato per le prestazioni di servizi e 80.000 \u20ac per i commercianti, questo regime non \u00e8 pi\u00f9 possibile;\n\nanche le vendite a distanza non hanno l&#8217;obbligo di tenere una contabilit\u00e0, in quanto hanno unicamente obblighi fiscali per le esigenze dell&#8217;IVA e doganali nel quadro dell\u2019Intrastat.\n\nInfine gli uffici di rappresentanza non hanno alcun obbligo contabile in Francia, cos\u00ec come i datori di lavoro stranieri immatricolati nel CNFE di Strasburgo.\n\t\t\t\t\t\t\t\t<\/div>\n\t\t\t\t<\/div>\n\t\t\t\t\t<\/div>\n\t\t<\/div>\n\t\t\t\t\t<\/div>\n\t\t<\/section>\n\t\t\t\t<section class=\"elementor-section elementor-top-section elementor-element elementor-element-689917a8 elementor-section-full_width elementor-section-height-default elementor-section-height-default\" data-id=\"689917a8\" data-element_type=\"section\" data-e-type=\"section\">\n\t\t\t\t\t\t<div class=\"elementor-container elementor-column-gap-default\">\n\t\t\t\t\t<div class=\"elementor-column elementor-col-100 elementor-top-column elementor-element elementor-element-36ab1fea\" data-id=\"36ab1fea\" data-element_type=\"column\" data-e-type=\"column\">\n\t\t\t<div class=\"elementor-widget-wrap elementor-element-populated\">\n\t\t\t\t\t\t<div class=\"elementor-element elementor-element-4d421354 elementor-widget elementor-widget-image\" data-id=\"4d421354\" data-element_type=\"widget\" data-e-type=\"widget\" data-settings=\"{&quot;motion_fx_motion_fx_scrolling&quot;:&quot;yes&quot;,&quot;motion_fx_devices&quot;:[&quot;desktop&quot;,&quot;tablet&quot;,&quot;mobile&quot;]}\" data-widget_type=\"image.default\">\n\t\t\t\t<div class=\"elementor-widget-container\">\n\t\t\t\t\t\t\t\t\t\t\t\t\t\t\t<img fetchpriority=\"high\" decoding=\"async\" width=\"1719\" height=\"790\" src=\"https:\/\/www.aprz.eu\/wp-content\/uploads\/2020\/09\/conta-it.jpg\" class=\"attachment-full size-full wp-image-1328\" alt=\"CONTABILIT\u00c0\" srcset=\"https:\/\/www.aprz.eu\/wp-content\/uploads\/2020\/09\/conta-it.jpg 1719w, https:\/\/www.aprz.eu\/wp-content\/uploads\/2020\/09\/conta-it-300x138.jpg 300w, https:\/\/www.aprz.eu\/wp-content\/uploads\/2020\/09\/conta-it-1024x471.jpg 1024w, https:\/\/www.aprz.eu\/wp-content\/uploads\/2020\/09\/conta-it-768x353.jpg 768w, https:\/\/www.aprz.eu\/wp-content\/uploads\/2020\/09\/conta-it-1536x706.jpg 1536w\" sizes=\"(max-width: 1719px) 100vw, 1719px\" \/>\t\t\t\t\t\t\t\t\t\t\t\t\t\t\t<\/div>\n\t\t\t\t<\/div>\n\t\t\t\t\t<\/div>\n\t\t<\/div>\n\t\t\t\t\t<\/div>\n\t\t<\/section>\n\t\t\t\t<section class=\"elementor-section elementor-top-section elementor-element elementor-element-12c992c7 elementor-section-full_width elementor-section-height-default elementor-section-height-default\" data-id=\"12c992c7\" data-element_type=\"section\" data-e-type=\"section\">\n\t\t\t\t\t\t<div class=\"elementor-container elementor-column-gap-default\">\n\t\t\t\t\t<div class=\"elementor-column elementor-col-100 elementor-top-column elementor-element elementor-element-2d59bdab\" data-id=\"2d59bdab\" data-element_type=\"column\" data-e-type=\"column\">\n\t\t\t<div class=\"elementor-widget-wrap elementor-element-populated\">\n\t\t\t\t\t\t<section class=\"elementor-section elementor-inner-section elementor-element elementor-element-5303bdf elementor-section-height-min-height elementor-section-boxed elementor-section-height-default\" data-id=\"5303bdf\" data-element_type=\"section\" data-e-type=\"section\" data-settings=\"{&quot;motion_fx_motion_fx_scrolling&quot;:&quot;yes&quot;,&quot;motion_fx_translateY_effect&quot;:&quot;yes&quot;,&quot;motion_fx_translateY_direction&quot;:&quot;negative&quot;,&quot;motion_fx_translateY_speed&quot;:{&quot;unit&quot;:&quot;px&quot;,&quot;size&quot;:&quot;1&quot;,&quot;sizes&quot;:[]},&quot;motion_fx_devices&quot;:[&quot;desktop&quot;],&quot;motion_fx_translateY_affectedRange&quot;:{&quot;unit&quot;:&quot;%&quot;,&quot;size&quot;:&quot;&quot;,&quot;sizes&quot;:{&quot;start&quot;:0,&quot;end&quot;:100}}}\">\n\t\t\t\t\t\t<div class=\"elementor-container elementor-column-gap-default\">\n\t\t\t\t\t<div class=\"elementor-column elementor-col-100 elementor-inner-column elementor-element elementor-element-4441e539\" data-id=\"4441e539\" data-element_type=\"column\" data-e-type=\"column\">\n\t\t\t<div class=\"elementor-widget-wrap elementor-element-populated\">\n\t\t\t\t\t\t<div class=\"elementor-element elementor-element-752d42a3 elementor-widget elementor-widget-heading\" data-id=\"752d42a3\" data-element_type=\"widget\" data-e-type=\"widget\" data-widget_type=\"heading.default\">\n\t\t\t\t<div class=\"elementor-widget-container\">\n\t\t\t\t\t<h2 class=\"elementor-heading-title elementor-size-default\">La contabilit\u00e0 pu\u00f2 essere tenuta \n<br><b>all'estero ? <\/b><\/h2>\t\t\t\t<\/div>\n\t\t\t\t<\/div>\n\t\t\t\t<div class=\"elementor-element elementor-element-7057353f elementor-widget elementor-widget-text-editor\" data-id=\"7057353f\" data-element_type=\"widget\" data-e-type=\"widget\" data-widget_type=\"text-editor.default\">\n\t\t\t\t<div class=\"elementor-widget-container\">\n\t\t\t\t\t\t\t\t\t<p>Ricordiamo che non vi \u00e8 alcun obbligo di ricorrere a un commercialista per tenere la contabilit\u00e0, essa pu\u00f2 essere tenuta internamente presso di voi. Tuttavia, se si fa ricorso a un fornitore di servizi esterno alla Francia, deve essere iscritto nell\u2019Ordine dei Dottori Commercialisti e degli Esperti Contabili (poich\u00e9 professione regolamentata).<\/p><p><em><strong><span style=\"color: #cc0000;\">La contabilit\u00e0 pu\u00f2 essere tenuta all&#8217;estero? <\/span> <\/strong><\/em><\/p><p><em>\u00a0<\/em><\/p><p><strong>Ci sono due casi:<\/strong><\/p><p><strong>1)\u00a0<\/strong> Siete una filiale (societ\u00e0 di diritto francese): dovrete rispettare il capitolato d\u2019oneri (chiamato FEC, vedi spiegazioni qui di seguito nella sezione \u2018norme IFRS&#8217;) dell&#8217;amministrazione fiscale francese.<\/p><p><b>2)<\/b> Siete una succursale: potete tenere la contabilit\u00e0 nella vostra lingua, ma l\u2019amministrazione fiscale avr\u00e0 la possibilit\u00e0 di richiedere una traduzione certificata dei libri contabili, solo in caso di controllo. \u00c8 consentita la produzione di un mapping presso le succursali (situazione contabile generale mappata verso la normativa francese PCG \u201cPlan Comptable G\u00e9n\u00e9ral\u201d \u2013 piano dei conti generale).<\/p><p><i>In entrambi i casi (filiale, succursale), se desiderate tenere voi stessi la contabilit\u00e0 e se APRZ realizza solo i conti annuali e le dichiarazioni fiscali, i nostri onorari sono calcolati rispetto al passato.<\/i><\/p>\t\t\t\t\t\t\t\t<\/div>\n\t\t\t\t<\/div>\n\t\t\t\t\t<\/div>\n\t\t<\/div>\n\t\t\t\t\t<\/div>\n\t\t<\/section>\n\t\t\t\t\t<\/div>\n\t\t<\/div>\n\t\t\t\t\t<\/div>\n\t\t<\/section>\n\t\t\t\t<section class=\"elementor-section elementor-top-section elementor-element elementor-element-14717a5 elementor-section-full_width elementor-section-content-top elementor-section-height-default elementor-section-height-default\" data-id=\"14717a5\" data-element_type=\"section\" data-e-type=\"section\">\n\t\t\t\t\t\t<div class=\"elementor-container elementor-column-gap-default\">\n\t\t\t\t\t<div class=\"elementor-column elementor-col-100 elementor-top-column elementor-element elementor-element-4b2886b\" data-id=\"4b2886b\" data-element_type=\"column\" data-e-type=\"column\">\n\t\t\t<div class=\"elementor-widget-wrap elementor-element-populated\">\n\t\t\t\t\t\t<div class=\"elementor-element elementor-element-8f2057f elementor-widget elementor-widget-heading\" data-id=\"8f2057f\" data-element_type=\"widget\" data-e-type=\"widget\" data-widget_type=\"heading.default\">\n\t\t\t\t<div class=\"elementor-widget-container\">\n\t\t\t\t\t<h2 class=\"elementor-heading-title elementor-size-default\">La contabilit\u00e0 francese \n<br><b>\u00e8 conforme agli IFRS ? <\/b><\/h2>\t\t\t\t<\/div>\n\t\t\t\t<\/div>\n\t\t\t\t<div class=\"elementor-element elementor-element-2b97ddd elementor-widget elementor-widget-text-editor\" data-id=\"2b97ddd\" data-element_type=\"widget\" data-e-type=\"widget\" data-widget_type=\"text-editor.default\">\n\t\t\t\t<div class=\"elementor-widget-container\">\n\t\t\t\t\t\t\t\t\t<p><strong>In Francia la contabilit\u00e0 \u00e8 generalmente una contabilit\u00e0 per competenza<\/strong> (la contabilit\u00e0 di entrate e uscite \u00e8 riservata per alcune societ\u00e0 civili), con un piano dei conti definito dalla norma. La norma contabile francese \u00e8 il PCG, che tende ad avvicinarsi agli IFRS.<\/p><p>La norma fiscale FEC (archivio dei documenti contabili), impone il capitolato d\u2019oneri per la consegna di un file txt di tutti i documenti di un esercizio fiscale a fini di controllo. Le stesure devono essere in francese, deve essere fornito un certo numero di informazioni: conto, formulazione, numero del documento, giornale, data, addebito, credito&#8230;<\/p>\t\t\t\t\t\t\t\t<\/div>\n\t\t\t\t<\/div>\n\t\t\t\t\t<\/div>\n\t\t<\/div>\n\t\t\t\t\t<\/div>\n\t\t<\/section>\n\t\t\t\t<\/div>\n\t\t","protected":false},"excerpt":{"rendered":"<p>APRZ CONTABILIT\u00c0 La tenuta di una contabilit\u00e0 \u00e8 obbligatoria in Francia? La tenuta di una contabilit\u00e0 per la vostra attivit\u00e0 in Francia sar\u00e0 in ogni caso un obbligo, salvo: il regime delle microimprese in Francia \u00e8 esentato dalla tenuta di una contabilit\u00e0, perch\u00e9 in questo regime la fiscalit\u00e0 si basa esclusivamente sul livello del fatturato. [&hellip;]<\/p>\n","protected":false},"author":1,"featured_media":0,"parent":0,"menu_order":0,"comment_status":"closed","ping_status":"closed","template":"elementor_header_footer","meta":{"footnotes":""},"class_list":["post-1249","page","type-page","status-publish","hentry"],"_links":{"self":[{"href":"https:\/\/www.aprz.eu\/it\/wp-json\/wp\/v2\/pages\/1249","targetHints":{"allow":["GET"]}}],"collection":[{"href":"https:\/\/www.aprz.eu\/it\/wp-json\/wp\/v2\/pages"}],"about":[{"href":"https:\/\/www.aprz.eu\/it\/wp-json\/wp\/v2\/types\/page"}],"author":[{"embeddable":true,"href":"https:\/\/www.aprz.eu\/it\/wp-json\/wp\/v2\/users\/1"}],"replies":[{"embeddable":true,"href":"https:\/\/www.aprz.eu\/it\/wp-json\/wp\/v2\/comments?post=1249"}],"version-history":[{"count":15,"href":"https:\/\/www.aprz.eu\/it\/wp-json\/wp\/v2\/pages\/1249\/revisions"}],"predecessor-version":[{"id":1786,"href":"https:\/\/www.aprz.eu\/it\/wp-json\/wp\/v2\/pages\/1249\/revisions\/1786"}],"wp:attachment":[{"href":"https:\/\/www.aprz.eu\/it\/wp-json\/wp\/v2\/media?parent=1249"}],"curies":[{"name":"wp","href":"https:\/\/api.w.org\/{rel}","templated":true}]}}