{"id":675,"date":"2020-08-24T18:33:34","date_gmt":"2020-08-24T16:33:34","guid":{"rendered":"http:\/\/www.aprz.eu\/refonte\/?page_id=675"},"modified":"2020-11-01T13:23:20","modified_gmt":"2020-11-01T12:23:20","slug":"les-banques-francaises","status":"publish","type":"page","link":"https:\/\/www.aprz.eu\/fr\/les-banques-francaises\/","title":{"rendered":"Les banques fran\u00e7aises"},"content":{"rendered":"\t\t<div data-elementor-type=\"wp-page\" data-elementor-id=\"675\" class=\"elementor elementor-675\" data-elementor-post-type=\"page\">\n\t\t\t\t\t\t<section class=\"elementor-section elementor-top-section elementor-element elementor-element-6af19225 elementor-section-full_width elementor-section-height-default elementor-section-height-default\" data-id=\"6af19225\" data-element_type=\"section\" data-e-type=\"section\" data-settings=\"{&quot;background_background&quot;:&quot;classic&quot;}\">\n\t\t\t\t\t\t<div class=\"elementor-container elementor-column-gap-default\">\n\t\t\t\t\t<div class=\"elementor-column elementor-col-50 elementor-top-column elementor-element elementor-element-2f884f1\" data-id=\"2f884f1\" data-element_type=\"column\" data-e-type=\"column\">\n\t\t\t<div class=\"elementor-widget-wrap elementor-element-populated\">\n\t\t\t\t\t\t<div class=\"elementor-element elementor-element-4985b6c2 elementor-widget elementor-widget-heading\" data-id=\"4985b6c2\" data-element_type=\"widget\" data-e-type=\"widget\" data-widget_type=\"heading.default\">\n\t\t\t\t<div class=\"elementor-widget-container\">\n\t\t\t\t\t<h1 class=\"elementor-heading-title elementor-size-default\">les banques  <br><b>en france ?<\/b><\/h1>\t\t\t\t<\/div>\n\t\t\t\t<\/div>\n\t\t\t\t\t<\/div>\n\t\t<\/div>\n\t\t\t\t<div class=\"elementor-column elementor-col-50 elementor-top-column elementor-element elementor-element-12dc735f\" data-id=\"12dc735f\" data-element_type=\"column\" data-e-type=\"column\">\n\t\t\t<div class=\"elementor-widget-wrap elementor-element-populated\">\n\t\t\t\t\t\t<div class=\"elementor-element elementor-element-708df6c6 elementor-widget elementor-widget-text-editor\" data-id=\"708df6c6\" data-element_type=\"widget\" data-e-type=\"widget\" data-widget_type=\"text-editor.default\">\n\t\t\t\t<div class=\"elementor-widget-container\">\n\t\t\t\t\t\t\t\t\t<p><strong>Notre cabinet d\u2019expertise comptable<\/strong> a s\u00e9lectionn\u00e9 au fil des ann\u00e9es les banques fran\u00e7aises les plus ouvertes aux investissements \u00e9trangers. Nous avons tiss\u00e9 des liens avec des responsables au sein de ces \u00e9tablissements.<\/p>\t\t\t\t\t\t\t\t<\/div>\n\t\t\t\t<\/div>\n\t\t\t\t\t<\/div>\n\t\t<\/div>\n\t\t\t\t\t<\/div>\n\t\t<\/section>\n\t\t\t\t<section class=\"elementor-section elementor-top-section elementor-element elementor-element-689917a8 elementor-section-full_width elementor-section-height-default elementor-section-height-default\" data-id=\"689917a8\" data-element_type=\"section\" data-e-type=\"section\">\n\t\t\t\t\t\t<div class=\"elementor-container elementor-column-gap-default\">\n\t\t\t\t\t<div class=\"elementor-column elementor-col-100 elementor-top-column elementor-element elementor-element-36ab1fea\" data-id=\"36ab1fea\" data-element_type=\"column\" data-e-type=\"column\">\n\t\t\t<div class=\"elementor-widget-wrap elementor-element-populated\">\n\t\t\t\t\t\t<div class=\"elementor-element elementor-element-4d421354 elementor-widget elementor-widget-image\" data-id=\"4d421354\" data-element_type=\"widget\" data-e-type=\"widget\" data-settings=\"{&quot;motion_fx_motion_fx_scrolling&quot;:&quot;yes&quot;,&quot;motion_fx_devices&quot;:[&quot;desktop&quot;,&quot;tablet&quot;,&quot;mobile&quot;]}\" data-widget_type=\"image.default\">\n\t\t\t\t<div class=\"elementor-widget-container\">\n\t\t\t\t\t\t\t\t\t\t\t\t\t\t\t<img fetchpriority=\"high\" decoding=\"async\" width=\"1719\" height=\"790\" src=\"https:\/\/www.aprz.eu\/wp-content\/uploads\/2020\/08\/banque.jpg\" class=\"attachment-full size-full wp-image-678\" alt=\"les banques en france\" srcset=\"https:\/\/www.aprz.eu\/wp-content\/uploads\/2020\/08\/banque.jpg 1719w, https:\/\/www.aprz.eu\/wp-content\/uploads\/2020\/08\/banque-300x138.jpg 300w, https:\/\/www.aprz.eu\/wp-content\/uploads\/2020\/08\/banque-1024x471.jpg 1024w, https:\/\/www.aprz.eu\/wp-content\/uploads\/2020\/08\/banque-768x353.jpg 768w, https:\/\/www.aprz.eu\/wp-content\/uploads\/2020\/08\/banque-1536x706.jpg 1536w\" sizes=\"(max-width: 1719px) 100vw, 1719px\" \/>\t\t\t\t\t\t\t\t\t\t\t\t\t\t\t<\/div>\n\t\t\t\t<\/div>\n\t\t\t\t\t<\/div>\n\t\t<\/div>\n\t\t\t\t\t<\/div>\n\t\t<\/section>\n\t\t\t\t<section class=\"elementor-section elementor-top-section elementor-element elementor-element-12c992c7 elementor-section-full_width elementor-section-height-default elementor-section-height-default\" data-id=\"12c992c7\" data-element_type=\"section\" data-e-type=\"section\">\n\t\t\t\t\t\t<div class=\"elementor-container elementor-column-gap-default\">\n\t\t\t\t\t<div class=\"elementor-column elementor-col-100 elementor-top-column elementor-element elementor-element-2d59bdab\" data-id=\"2d59bdab\" data-element_type=\"column\" data-e-type=\"column\">\n\t\t\t<div class=\"elementor-widget-wrap elementor-element-populated\">\n\t\t\t\t\t\t<section class=\"elementor-section elementor-inner-section elementor-element elementor-element-5303bdf elementor-section-height-min-height elementor-section-boxed elementor-section-height-default\" data-id=\"5303bdf\" data-element_type=\"section\" data-e-type=\"section\" data-settings=\"{&quot;motion_fx_motion_fx_scrolling&quot;:&quot;yes&quot;,&quot;motion_fx_translateY_effect&quot;:&quot;yes&quot;,&quot;motion_fx_translateY_direction&quot;:&quot;negative&quot;,&quot;motion_fx_translateY_speed&quot;:{&quot;unit&quot;:&quot;px&quot;,&quot;size&quot;:&quot;1&quot;,&quot;sizes&quot;:[]},&quot;motion_fx_devices&quot;:[&quot;desktop&quot;],&quot;motion_fx_translateY_affectedRange&quot;:{&quot;unit&quot;:&quot;%&quot;,&quot;size&quot;:&quot;&quot;,&quot;sizes&quot;:{&quot;start&quot;:0,&quot;end&quot;:100}}}\">\n\t\t\t\t\t\t<div class=\"elementor-container elementor-column-gap-default\">\n\t\t\t\t\t<div class=\"elementor-column elementor-col-100 elementor-inner-column elementor-element elementor-element-4441e539\" data-id=\"4441e539\" data-element_type=\"column\" data-e-type=\"column\">\n\t\t\t<div class=\"elementor-widget-wrap elementor-element-populated\">\n\t\t\t\t\t\t<div class=\"elementor-element elementor-element-752d42a3 elementor-widget elementor-widget-heading\" data-id=\"752d42a3\" data-element_type=\"widget\" data-e-type=\"widget\" data-widget_type=\"heading.default\">\n\t\t\t\t<div class=\"elementor-widget-container\">\n\t\t\t\t\t<h2 class=\"elementor-heading-title elementor-size-default\">Est-il obligatoire d\u2019avoir <br>un compte en banque \n<br><b>en France ? <\/b><\/h2>\t\t\t\t<\/div>\n\t\t\t\t<\/div>\n\t\t\t\t<div class=\"elementor-element elementor-element-7057353f elementor-widget elementor-widget-text-editor\" data-id=\"7057353f\" data-element_type=\"widget\" data-e-type=\"widget\" data-widget_type=\"text-editor.default\">\n\t\t\t\t<div class=\"elementor-widget-container\">\n\t\t\t\t\t\t\t\t\t<p><strong>Selon le Code de Commerce (art L123-24 CC)<\/strong>, toute activit\u00e9 \u00e9conomique et professionnelle (sauf exceptions), doit ouvrir un compte bancaire en France. Il ne sera pas obligatoire de payer avec ce compte, mais l\u2019ouverture d\u2019un compte en France est par exemple obligatoire pour d\u00e9poser le capital social initial. Ensuite vous pourrez utiliser soit ce compte soit un compte bancaire \u00e0 l\u2019\u00e9tranger \u00e0 condition qu\u2019il soit \u00e0 la norme SEPA acceptant les d\u00e9bits directs (pr\u00e9l\u00e8vements).<\/p><p><em>Par d\u00e9faut n\u2019ont pas besoin d\u2019avoir un compte bancaire en France, les activit\u00e9s de VAD Vente A Distance vers la France, les BL Bureaux de Liaison, les succursales, donc les entit\u00e9s dont la Personnalit\u00e9 Morale juridique se trouve \u00e0 l\u2019\u00e9tranger.<\/em><\/p>\t\t\t\t\t\t\t\t<\/div>\n\t\t\t\t<\/div>\n\t\t\t\t\t<\/div>\n\t\t<\/div>\n\t\t\t\t\t<\/div>\n\t\t<\/section>\n\t\t\t\t\t<\/div>\n\t\t<\/div>\n\t\t\t\t\t<\/div>\n\t\t<\/section>\n\t\t\t\t<section class=\"elementor-section elementor-top-section elementor-element elementor-element-14717a5 elementor-section-full_width elementor-section-content-top elementor-section-height-default elementor-section-height-default\" data-id=\"14717a5\" data-element_type=\"section\" data-e-type=\"section\">\n\t\t\t\t\t\t<div class=\"elementor-container elementor-column-gap-default\">\n\t\t\t\t\t<div class=\"elementor-column elementor-col-100 elementor-top-column elementor-element elementor-element-4b2886b\" data-id=\"4b2886b\" data-element_type=\"column\" data-e-type=\"column\">\n\t\t\t<div class=\"elementor-widget-wrap elementor-element-populated\">\n\t\t\t\t\t\t<div class=\"elementor-element elementor-element-8f2057f elementor-widget elementor-widget-heading\" data-id=\"8f2057f\" data-element_type=\"widget\" data-e-type=\"widget\" data-widget_type=\"heading.default\">\n\t\t\t\t<div class=\"elementor-widget-container\">\n\t\t\t\t\t<h2 class=\"elementor-heading-title elementor-size-default\">Quelle banque <br><b>choisir ?<\/b><\/h2>\t\t\t\t<\/div>\n\t\t\t\t<\/div>\n\t\t\t\t<div class=\"elementor-element elementor-element-2b97ddd elementor-widget elementor-widget-text-editor\" data-id=\"2b97ddd\" data-element_type=\"widget\" data-e-type=\"widget\" data-widget_type=\"text-editor.default\">\n\t\t\t\t<div class=\"elementor-widget-container\">\n\t\t\t\t\t\t\t\t\t<p>La solution le plus simple est de faire ouvrir un compte \u00e0 la succursale de votre banque de la maison m\u00e8re. Le processus en sera facilit\u00e9 car la prise de connaissance a d\u00e9j\u00e0 \u00e9t\u00e9 faite par votre banque d\u2019origine.<\/p><p><strong>La France poss\u00e9dant presque toutes les banques sur son territoire<\/strong>, si vous souhaitez cependant avoir recours \u00e0 une nouvelle banque pour la France, nous vous mettrons en relation avec les bonnes personnes.<\/p>\t\t\t\t\t\t\t\t<\/div>\n\t\t\t\t<\/div>\n\t\t\t\t\t<\/div>\n\t\t<\/div>\n\t\t\t\t\t<\/div>\n\t\t<\/section>\n\t\t\t\t<section class=\"elementor-section elementor-top-section elementor-element elementor-element-7a04daf elementor-section-full_width elementor-section-content-top elementor-section-height-default elementor-section-height-default\" data-id=\"7a04daf\" data-element_type=\"section\" data-e-type=\"section\">\n\t\t\t\t\t\t<div class=\"elementor-container elementor-column-gap-default\">\n\t\t\t\t\t<div class=\"elementor-column elementor-col-100 elementor-top-column elementor-element elementor-element-f993761\" data-id=\"f993761\" data-element_type=\"column\" data-e-type=\"column\">\n\t\t\t<div class=\"elementor-widget-wrap elementor-element-populated\">\n\t\t\t\t\t\t<div class=\"elementor-element elementor-element-668be9c elementor-widget elementor-widget-heading\" data-id=\"668be9c\" data-element_type=\"widget\" data-e-type=\"widget\" data-widget_type=\"heading.default\">\n\t\t\t\t<div class=\"elementor-widget-container\">\n\t\t\t\t\t<h2 class=\"elementor-heading-title elementor-size-default\">Quelle proc\u00e9dure pour ouvrir  <br><b>un compte en banque ?<\/b><\/h2>\t\t\t\t<\/div>\n\t\t\t\t<\/div>\n\t\t\t\t<div class=\"elementor-element elementor-element-18e6c50 elementor-widget elementor-widget-text-editor\" data-id=\"18e6c50\" data-element_type=\"widget\" data-e-type=\"widget\" data-widget_type=\"text-editor.default\">\n\t\t\t\t<div class=\"elementor-widget-container\">\n\t\t\t\t\t\t\t\t\t<p>Si la banque ne vous connait pas, il faudra produire une dizaine de documents incluant votre BP en anglais (Business Plan pour la France), des extraits de compte de votre banque principale \u00e0 l\u2019\u00e9tranger, un courrier de votre banque principale \u00e0 l\u2019\u00e9tranger, les copies des passeports des b\u00e9n\u00e9ficiaires effectifs, divers documents d\u2019ouvertures \u00e0 remplir sp\u00e9cifiques \u00e0 chaque banque&#8230; qu\u2019il faudra envoyer par email puis en originaux par voie postale.<\/p>\t\t\t\t\t\t\t\t<\/div>\n\t\t\t\t<\/div>\n\t\t\t\t\t<\/div>\n\t\t<\/div>\n\t\t\t\t\t<\/div>\n\t\t<\/section>\n\t\t\t\t<section class=\"elementor-section elementor-top-section elementor-element elementor-element-08e7473 elementor-section-full_width elementor-section-content-top elementor-section-height-default elementor-section-height-default\" data-id=\"08e7473\" data-element_type=\"section\" data-e-type=\"section\">\n\t\t\t\t\t\t<div class=\"elementor-container elementor-column-gap-default\">\n\t\t\t\t\t<div class=\"elementor-column elementor-col-100 elementor-top-column elementor-element elementor-element-a3c15cb\" data-id=\"a3c15cb\" data-element_type=\"column\" data-e-type=\"column\">\n\t\t\t<div class=\"elementor-widget-wrap elementor-element-populated\">\n\t\t\t\t\t\t<div class=\"elementor-element elementor-element-b287143 elementor-widget elementor-widget-heading\" data-id=\"b287143\" data-element_type=\"widget\" data-e-type=\"widget\" data-widget_type=\"heading.default\">\n\t\t\t\t<div class=\"elementor-widget-container\">\n\t\t\t\t\t<h2 class=\"elementor-heading-title elementor-size-default\">Quels services demander   <br><b>\u00e0 votre banque ?<\/b><\/h2>\t\t\t\t<\/div>\n\t\t\t\t<\/div>\n\t\t\t\t<div class=\"elementor-element elementor-element-8717532 elementor-widget elementor-widget-text-editor\" data-id=\"8717532\" data-element_type=\"widget\" data-e-type=\"widget\" data-widget_type=\"text-editor.default\">\n\t\t\t\t<div class=\"elementor-widget-container\">\n\t\t\t\t\t\t\t\t\t<p>En priorit\u00e9 et en coh\u00e9rence avec toute proc\u00e9dure de contr\u00f4le interne, il faudra demander un circuit de double signature (celui qui \u00e9met le paiement puis celui qui le signe). \u00c9galement les services habituels de Online banking en anglais, de CB carte corporate, de leasing de v\u00e9hicules de soci\u00e9t\u00e9 pour vos salari\u00e9s\u2026<\/p>\t\t\t\t\t\t\t\t<\/div>\n\t\t\t\t<\/div>\n\t\t\t\t\t<\/div>\n\t\t<\/div>\n\t\t\t\t\t<\/div>\n\t\t<\/section>\n\t\t\t\t<\/div>\n\t\t","protected":false},"excerpt":{"rendered":"<p>les banques en france ? Notre cabinet d\u2019expertise comptable a s\u00e9lectionn\u00e9 au fil des ann\u00e9es les banques fran\u00e7aises les plus ouvertes aux investissements \u00e9trangers. Nous avons tiss\u00e9 des liens avec des responsables au sein de ces \u00e9tablissements. Est-il obligatoire d\u2019avoir un compte en banque en France ? Selon le Code de Commerce (art L123-24 CC), [&hellip;]<\/p>\n","protected":false},"author":1,"featured_media":0,"parent":0,"menu_order":0,"comment_status":"closed","ping_status":"closed","template":"elementor_header_footer","meta":{"footnotes":""},"class_list":["post-675","page","type-page","status-publish","hentry"],"_links":{"self":[{"href":"https:\/\/www.aprz.eu\/fr\/wp-json\/wp\/v2\/pages\/675","targetHints":{"allow":["GET"]}}],"collection":[{"href":"https:\/\/www.aprz.eu\/fr\/wp-json\/wp\/v2\/pages"}],"about":[{"href":"https:\/\/www.aprz.eu\/fr\/wp-json\/wp\/v2\/types\/page"}],"author":[{"embeddable":true,"href":"https:\/\/www.aprz.eu\/fr\/wp-json\/wp\/v2\/users\/1"}],"replies":[{"embeddable":true,"href":"https:\/\/www.aprz.eu\/fr\/wp-json\/wp\/v2\/comments?post=675"}],"version-history":[{"count":11,"href":"https:\/\/www.aprz.eu\/fr\/wp-json\/wp\/v2\/pages\/675\/revisions"}],"predecessor-version":[{"id":1780,"href":"https:\/\/www.aprz.eu\/fr\/wp-json\/wp\/v2\/pages\/675\/revisions\/1780"}],"wp:attachment":[{"href":"https:\/\/www.aprz.eu\/fr\/wp-json\/wp\/v2\/media?parent=675"}],"curies":[{"name":"wp","href":"https:\/\/api.w.org\/{rel}","templated":true}]}}