{"id":627,"date":"2020-08-24T17:42:26","date_gmt":"2020-08-24T15:42:26","guid":{"rendered":"http:\/\/www.aprz.eu\/refonte\/?page_id=627"},"modified":"2021-02-26T12:55:41","modified_gmt":"2021-02-26T11:55:41","slug":"implantation-dune-societe-etrangere-en-france","status":"publish","type":"page","link":"https:\/\/www.aprz.eu\/fr\/implantation-dune-societe-etrangere-en-france\/","title":{"rendered":"Implantation d&rsquo;une soci\u00e9t\u00e9 \u00e9trang\u00e8re en France"},"content":{"rendered":"\t\t<div data-elementor-type=\"wp-page\" data-elementor-id=\"627\" class=\"elementor elementor-627\" data-elementor-post-type=\"page\">\n\t\t\t\t\t\t<section class=\"elementor-section elementor-top-section elementor-element elementor-element-6af19225 elementor-section-full_width elementor-section-height-default elementor-section-height-default\" data-id=\"6af19225\" data-element_type=\"section\" data-e-type=\"section\" data-settings=\"{&quot;background_background&quot;:&quot;classic&quot;}\">\n\t\t\t\t\t\t<div class=\"elementor-container elementor-column-gap-default\">\n\t\t\t\t\t<div class=\"elementor-column elementor-col-50 elementor-top-column elementor-element elementor-element-343171a\" data-id=\"343171a\" data-element_type=\"column\" data-e-type=\"column\">\n\t\t\t<div class=\"elementor-widget-wrap elementor-element-populated\">\n\t\t\t\t\t\t<div class=\"elementor-element elementor-element-be811e3 elementor-widget elementor-widget-heading\" data-id=\"be811e3\" data-element_type=\"widget\" data-e-type=\"widget\" data-widget_type=\"heading.default\">\n\t\t\t\t<div class=\"elementor-widget-container\">\n\t\t\t\t\t<h1 class=\"elementor-heading-title elementor-size-default\">GESTION  \n  <br><b>de PROJET<\/b><\/h1>\t\t\t\t<\/div>\n\t\t\t\t<\/div>\n\t\t\t\t\t<\/div>\n\t\t<\/div>\n\t\t\t\t<div class=\"elementor-column elementor-col-50 elementor-top-column elementor-element elementor-element-2f884f1\" data-id=\"2f884f1\" data-element_type=\"column\" data-e-type=\"column\">\n\t\t\t<div class=\"elementor-widget-wrap elementor-element-populated\">\n\t\t\t\t\t\t\t<\/div>\n\t\t<\/div>\n\t\t\t\t\t<\/div>\n\t\t<\/section>\n\t\t\t\t<section class=\"elementor-section elementor-top-section elementor-element elementor-element-689917a8 elementor-section-full_width elementor-section-height-default elementor-section-height-default\" data-id=\"689917a8\" data-element_type=\"section\" data-e-type=\"section\">\n\t\t\t\t\t\t<div class=\"elementor-container elementor-column-gap-default\">\n\t\t\t\t\t<div class=\"elementor-column elementor-col-100 elementor-top-column elementor-element elementor-element-36ab1fea\" data-id=\"36ab1fea\" data-element_type=\"column\" data-e-type=\"column\">\n\t\t\t<div class=\"elementor-widget-wrap elementor-element-populated\">\n\t\t\t\t\t\t<div class=\"elementor-element elementor-element-4d421354 elementor-widget elementor-widget-image\" data-id=\"4d421354\" data-element_type=\"widget\" data-e-type=\"widget\" data-settings=\"{&quot;motion_fx_motion_fx_scrolling&quot;:&quot;yes&quot;,&quot;motion_fx_devices&quot;:[&quot;desktop&quot;,&quot;tablet&quot;,&quot;mobile&quot;]}\" data-widget_type=\"image.default\">\n\t\t\t\t<div class=\"elementor-widget-container\">\n\t\t\t\t\t\t\t\t\t\t\t\t\t\t\t<img fetchpriority=\"high\" decoding=\"async\" width=\"1719\" height=\"790\" src=\"https:\/\/www.aprz.eu\/wp-content\/uploads\/2020\/08\/implantation.jpg\" class=\"attachment-full size-full wp-image-629\" alt=\"implantation d&#039;une soci\u00e9t\u00e9 \u00e9trang\u00e8re en france\" srcset=\"https:\/\/www.aprz.eu\/wp-content\/uploads\/2020\/08\/implantation.jpg 1719w, https:\/\/www.aprz.eu\/wp-content\/uploads\/2020\/08\/implantation-300x138.jpg 300w, https:\/\/www.aprz.eu\/wp-content\/uploads\/2020\/08\/implantation-1024x471.jpg 1024w, https:\/\/www.aprz.eu\/wp-content\/uploads\/2020\/08\/implantation-768x353.jpg 768w, https:\/\/www.aprz.eu\/wp-content\/uploads\/2020\/08\/implantation-1536x706.jpg 1536w\" sizes=\"(max-width: 1719px) 100vw, 1719px\" \/>\t\t\t\t\t\t\t\t\t\t\t\t\t\t\t<\/div>\n\t\t\t\t<\/div>\n\t\t\t\t\t<\/div>\n\t\t<\/div>\n\t\t\t\t\t<\/div>\n\t\t<\/section>\n\t\t\t\t<section class=\"elementor-section elementor-top-section elementor-element elementor-element-12c992c7 elementor-section-full_width elementor-section-height-default elementor-section-height-default\" data-id=\"12c992c7\" data-element_type=\"section\" data-e-type=\"section\">\n\t\t\t\t\t\t<div class=\"elementor-container elementor-column-gap-default\">\n\t\t\t\t\t<div class=\"elementor-column elementor-col-50 elementor-top-column elementor-element elementor-element-2d59bdab\" data-id=\"2d59bdab\" data-element_type=\"column\" data-e-type=\"column\">\n\t\t\t<div class=\"elementor-widget-wrap elementor-element-populated\">\n\t\t\t\t\t\t<div class=\"elementor-element elementor-element-7057353f elementor-widget elementor-widget-text-editor\" data-id=\"7057353f\" data-element_type=\"widget\" data-e-type=\"widget\" data-widget_type=\"text-editor.default\">\n\t\t\t\t<div class=\"elementor-widget-container\">\n\t\t\t\t\t\t\t\t\t<p>L\u2019installation \u00e0 l\u2019\u00e9tranger est un projet lourd, parfois co\u00fbteux et toujours chronophage. Vouloir s\u2019entourer des meilleurs noms\/marques des soci\u00e9t\u00e9s de conseils, mais en ordre dispers\u00e9, est l\u2019assurance d\u2019un projet qui fera passer les int\u00e9r\u00eats priv\u00e9s avant l\u2019int\u00e9r\u00eat de votre projet.<\/p><p>Depuis plus de 100 ans, Invest in Lyon, action locale de la plus connue Invest in France, a cr\u00e9\u00e9 un terreau favorable \u00e0 l\u2019implantation en France, en faisant travailler ensemble, en mode projet, les pouvoirs publics locaux, les institutionnels, et experts priv\u00e9s, afin que vos projets voient le jour, rapidement, de mani\u00e8re structur\u00e9e et structurante, pour un d\u00e9but d\u2019activit\u00e9 fluide sur notre territoire sans goulot d\u2019\u00e9tranglement. L\u2019intervention des pouvoirs publics permet d\u2019ouvrir des portes aupr\u00e8s des banques assurances, qui auraient pu rester ferm\u00e9es sinon. L\u2019\u00e9volution et les interactions entre les partenaires priv\u00e9s (notaires, avocats, experts comptables) est le gage d\u2019\u00e9changes pacifi\u00e9s et constructifs entre tous ces experts, avec comme finalit\u00e9, la mise en route simple, all\u00e9g\u00e9e mais construite, de votre d\u00e9but d\u2019activit\u00e9.<\/p>\t\t\t\t\t\t\t\t<\/div>\n\t\t\t\t<\/div>\n\t\t\t\t<section class=\"elementor-section elementor-inner-section elementor-element elementor-element-5303bdf elementor-section-height-min-height elementor-section-boxed elementor-section-height-default\" data-id=\"5303bdf\" data-element_type=\"section\" data-e-type=\"section\" data-settings=\"{&quot;motion_fx_motion_fx_scrolling&quot;:&quot;yes&quot;,&quot;motion_fx_translateY_effect&quot;:&quot;yes&quot;,&quot;motion_fx_translateY_direction&quot;:&quot;negative&quot;,&quot;motion_fx_translateY_speed&quot;:{&quot;unit&quot;:&quot;px&quot;,&quot;size&quot;:&quot;1&quot;,&quot;sizes&quot;:[]},&quot;motion_fx_devices&quot;:[&quot;desktop&quot;],&quot;motion_fx_translateY_affectedRange&quot;:{&quot;unit&quot;:&quot;%&quot;,&quot;size&quot;:&quot;&quot;,&quot;sizes&quot;:{&quot;start&quot;:0,&quot;end&quot;:100}}}\">\n\t\t\t\t\t\t<div class=\"elementor-container elementor-column-gap-default\">\n\t\t\t\t\t<div class=\"elementor-column elementor-col-100 elementor-inner-column elementor-element elementor-element-4441e539\" data-id=\"4441e539\" data-element_type=\"column\" data-e-type=\"column\">\n\t\t\t<div class=\"elementor-widget-wrap elementor-element-populated\">\n\t\t\t\t\t\t<div class=\"elementor-element elementor-element-752d42a3 elementor-widget elementor-widget-heading\" data-id=\"752d42a3\" data-element_type=\"widget\" data-e-type=\"widget\" data-widget_type=\"heading.default\">\n\t\t\t\t<div class=\"elementor-widget-container\">\n\t\t\t\t\t<h2 class=\"elementor-heading-title elementor-size-default\">APRZ\n<br><b>GESTION de PROJET <\/b><\/h2>\t\t\t\t<\/div>\n\t\t\t\t<\/div>\n\t\t\t\t\t<\/div>\n\t\t<\/div>\n\t\t\t\t\t<\/div>\n\t\t<\/section>\n\t\t\t\t\t<\/div>\n\t\t<\/div>\n\t\t\t\t<div class=\"elementor-column elementor-col-50 elementor-top-column elementor-element elementor-element-17edd93a\" data-id=\"17edd93a\" data-element_type=\"column\" data-e-type=\"column\">\n\t\t\t<div class=\"elementor-widget-wrap elementor-element-populated\">\n\t\t\t\t\t\t<div class=\"elementor-element elementor-element-504279d elementor-widget elementor-widget-image\" data-id=\"504279d\" data-element_type=\"widget\" data-e-type=\"widget\" data-widget_type=\"image.default\">\n\t\t\t\t<div class=\"elementor-widget-container\">\n\t\t\t\t\t\t\t\t\t\t\t\t\t\t\t<img decoding=\"async\" src=\"https:\/\/www.aprz.eu\/wp-content\/uploads\/elementor\/thumbs\/blason-e1598284888730-q3lan09x13wgwj3z0jtp83wrmj3i8x008tqc26ye8o.png\" title=\"blason\" alt=\"implantation d&#039;une soci\u00e9t\u00e9 \u00e9trang\u00e8re en france\" loading=\"lazy\" \/>\t\t\t\t\t\t\t\t\t\t\t\t\t\t\t<\/div>\n\t\t\t\t<\/div>\n\t\t\t\t<div class=\"elementor-element elementor-element-8737541 elementor-widget elementor-widget-image\" data-id=\"8737541\" data-element_type=\"widget\" data-e-type=\"widget\" data-widget_type=\"image.default\">\n\t\t\t\t<div class=\"elementor-widget-container\">\n\t\t\t\t\t\t\t\t\t\t\t\t\t\t\t<img decoding=\"async\" width=\"968\" height=\"726\" src=\"https:\/\/www.aprz.eu\/wp-content\/uploads\/2020\/08\/vieux-lyon.jpg\" class=\"attachment-full size-full wp-image-633\" alt=\"implantation d&#039;une soci\u00e9t\u00e9 \u00e9trang\u00e8re en france\" srcset=\"https:\/\/www.aprz.eu\/wp-content\/uploads\/2020\/08\/vieux-lyon.jpg 968w, https:\/\/www.aprz.eu\/wp-content\/uploads\/2020\/08\/vieux-lyon-300x225.jpg 300w, https:\/\/www.aprz.eu\/wp-content\/uploads\/2020\/08\/vieux-lyon-768x576.jpg 768w\" sizes=\"(max-width: 968px) 100vw, 968px\" \/>\t\t\t\t\t\t\t\t\t\t\t\t\t\t\t<\/div>\n\t\t\t\t<\/div>\n\t\t\t\t\t<\/div>\n\t\t<\/div>\n\t\t\t\t\t<\/div>\n\t\t<\/section>\n\t\t\t\t<section class=\"elementor-section elementor-top-section elementor-element elementor-element-14717a5 elementor-section-full_width elementor-section-content-top elementor-section-height-default elementor-section-height-default\" data-id=\"14717a5\" data-element_type=\"section\" data-e-type=\"section\">\n\t\t\t\t\t\t<div class=\"elementor-container elementor-column-gap-default\">\n\t\t\t\t\t<div class=\"elementor-column elementor-col-100 elementor-top-column elementor-element elementor-element-4b2886b\" data-id=\"4b2886b\" data-element_type=\"column\" data-e-type=\"column\">\n\t\t\t<div class=\"elementor-widget-wrap elementor-element-populated\">\n\t\t\t\t\t\t<div class=\"elementor-element elementor-element-8f2057f elementor-widget elementor-widget-heading\" data-id=\"8f2057f\" data-element_type=\"widget\" data-e-type=\"widget\" data-widget_type=\"heading.default\">\n\t\t\t\t<div class=\"elementor-widget-container\">\n\t\t\t\t\t<h2 class=\"elementor-heading-title elementor-size-default\">Notre cabinet d\u2019expertise comptable  \n<br><b>APRZ  <\/b><\/h2>\t\t\t\t<\/div>\n\t\t\t\t<\/div>\n\t\t\t\t<div class=\"elementor-element elementor-element-2b97ddd elementor-widget elementor-widget-text-editor\" data-id=\"2b97ddd\" data-element_type=\"widget\" data-e-type=\"widget\" data-widget_type=\"text-editor.default\">\n\t\t\t\t<div class=\"elementor-widget-container\">\n\t\t\t\t\t\t\t\t\t<p><strong>Notre cabinet d\u2019expertise comptable APRZ<\/strong> est un des partenaires en comptabilit\u00e9 et nous sommes fid\u00e8les, impliqu\u00e9s et convaincus de l\u2019efficacit\u00e9 de ce mode de fonctionnement.<\/p><p>Selon vos affinit\u00e9s, le gestionnaire de votre projet d\u2019installation sera une personne du secteur public ou du secteur priv\u00e9. APRZ est souvent demand\u00e9 comme hub, moteur, gestionnaire de votre projet d\u2019implantation. Apr\u00e8s avoir \u00e9chang\u00e9 avec vous et pris connaissance de vos besoins, nous recherchons pour vous les partenaires de votre d\u00e9marrage\u00a0: banque, assurances, avocat, conseils en immobilier d\u2019entreprise\u2026 et pour vos besoins priv\u00e9s, mise en relation pour l\u2019\u00e9cole de vos enfants\u2026 Nous vous orienterons \u00e9galement pour les obligations d\u2019immatriculation de vos dirigeants et mandataires sociaux \u00e9trangers, afin pour l\u2019ensemble des formalit\u00e9s personnelles aupr\u00e8s des services des imp\u00f4ts des particuliers pour la partie fiscale, et pour la partie sociale aupr\u00e8s de la S\u00e9curit\u00e9 Sociale publique fran\u00e7aise.<\/p><p>\u00a0<\/p><p><span style=\"color: #ffffff;\"><a style=\"color: #ffffff;\" href=\"https:\/\/gumroad.com\/expertfinancefr\/p\/besoin-d-un-expert-compte-sur-lyon\" target=\"_blank\" rel=\"noopener\">Besoin d&rsquo;un expert compte sur Lyon ?<\/a><\/span><\/p><p><span style=\"color: #ffffff;\"><a style=\"color: #ffffff;\" href=\"https:\/\/www.journaldunet.com\/account\/robert-carthieux-99702\" target=\"_blank\" rel=\"noopener\">Besoin d&rsquo;un expert comptable pour vous accompagner ?\u00a0<\/a><\/span><\/p>\t\t\t\t\t\t\t\t<\/div>\n\t\t\t\t<\/div>\n\t\t\t\t\t<\/div>\n\t\t<\/div>\n\t\t\t\t\t<\/div>\n\t\t<\/section>\n\t\t\t\t<\/div>\n\t\t","protected":false},"excerpt":{"rendered":"<p>GESTION de PROJET L\u2019installation \u00e0 l\u2019\u00e9tranger est un projet lourd, parfois co\u00fbteux et toujours chronophage. Vouloir s\u2019entourer des meilleurs noms\/marques des soci\u00e9t\u00e9s de conseils, mais en ordre dispers\u00e9, est l\u2019assurance d\u2019un projet qui fera passer les int\u00e9r\u00eats priv\u00e9s avant l\u2019int\u00e9r\u00eat de votre projet. Depuis plus de 100 ans, Invest in Lyon, action locale de la [&hellip;]<\/p>\n","protected":false},"author":1,"featured_media":0,"parent":0,"menu_order":0,"comment_status":"closed","ping_status":"closed","template":"elementor_header_footer","meta":{"footnotes":""},"class_list":["post-627","page","type-page","status-publish","hentry"],"_links":{"self":[{"href":"https:\/\/www.aprz.eu\/fr\/wp-json\/wp\/v2\/pages\/627","targetHints":{"allow":["GET"]}}],"collection":[{"href":"https:\/\/www.aprz.eu\/fr\/wp-json\/wp\/v2\/pages"}],"about":[{"href":"https:\/\/www.aprz.eu\/fr\/wp-json\/wp\/v2\/types\/page"}],"author":[{"embeddable":true,"href":"https:\/\/www.aprz.eu\/fr\/wp-json\/wp\/v2\/users\/1"}],"replies":[{"embeddable":true,"href":"https:\/\/www.aprz.eu\/fr\/wp-json\/wp\/v2\/comments?post=627"}],"version-history":[{"count":23,"href":"https:\/\/www.aprz.eu\/fr\/wp-json\/wp\/v2\/pages\/627\/revisions"}],"predecessor-version":[{"id":3711,"href":"https:\/\/www.aprz.eu\/fr\/wp-json\/wp\/v2\/pages\/627\/revisions\/3711"}],"wp:attachment":[{"href":"https:\/\/www.aprz.eu\/fr\/wp-json\/wp\/v2\/media?parent=627"}],"curies":[{"name":"wp","href":"https:\/\/api.w.org\/{rel}","templated":true}]}}