{"id":604,"date":"2020-08-24T15:59:20","date_gmt":"2020-08-24T13:59:20","guid":{"rendered":"http:\/\/www.aprz.eu\/refonte\/?page_id=604"},"modified":"2020-11-01T13:25:10","modified_gmt":"2020-11-01T12:25:10","slug":"mission-juridique","status":"publish","type":"page","link":"https:\/\/www.aprz.eu\/fr\/mission-juridique\/","title":{"rendered":"Mission juridique"},"content":{"rendered":"\t\t<div data-elementor-type=\"wp-page\" data-elementor-id=\"604\" class=\"elementor elementor-604\" data-elementor-post-type=\"page\">\n\t\t\t\t\t\t<section class=\"elementor-section elementor-top-section elementor-element elementor-element-6af19225 elementor-section-full_width elementor-section-height-default elementor-section-height-default\" data-id=\"6af19225\" data-element_type=\"section\" data-e-type=\"section\" data-settings=\"{&quot;background_background&quot;:&quot;classic&quot;}\">\n\t\t\t\t\t\t<div class=\"elementor-container elementor-column-gap-default\">\n\t\t\t\t\t<div class=\"elementor-column elementor-col-50 elementor-top-column elementor-element elementor-element-2f884f1\" data-id=\"2f884f1\" data-element_type=\"column\" data-e-type=\"column\">\n\t\t\t<div class=\"elementor-widget-wrap elementor-element-populated\">\n\t\t\t\t\t\t<div class=\"elementor-element elementor-element-4985b6c2 elementor-widget elementor-widget-heading\" data-id=\"4985b6c2\" data-element_type=\"widget\" data-e-type=\"widget\" data-widget_type=\"heading.default\">\n\t\t\t\t<div class=\"elementor-widget-container\">\n\t\t\t\t\t<h1 class=\"elementor-heading-title elementor-size-default\">Mission <br><b>JURIDIQUE<\/b><\/h1>\t\t\t\t<\/div>\n\t\t\t\t<\/div>\n\t\t\t\t\t<\/div>\n\t\t<\/div>\n\t\t\t\t<div class=\"elementor-column elementor-col-50 elementor-top-column elementor-element elementor-element-12dc735f\" data-id=\"12dc735f\" data-element_type=\"column\" data-e-type=\"column\">\n\t\t\t<div class=\"elementor-widget-wrap elementor-element-populated\">\n\t\t\t\t\t\t<div class=\"elementor-element elementor-element-708df6c6 elementor-widget elementor-widget-text-editor\" data-id=\"708df6c6\" data-element_type=\"widget\" data-e-type=\"widget\" data-widget_type=\"text-editor.default\">\n\t\t\t\t<div class=\"elementor-widget-container\">\n\t\t\t\t\t\t\t\t\t<p>Notre cabinet d\u2019expertise comptable travaille en parfaite collaboration et efficacit\u00e9 avec un r\u00e9seau d\u2019avocats internationaux, en droit des soci\u00e9t\u00e9s et droit du travail, afin de vous fournir un service professionnel et de qualit\u00e9.<\/p>\t\t\t\t\t\t\t\t<\/div>\n\t\t\t\t<\/div>\n\t\t\t\t\t<\/div>\n\t\t<\/div>\n\t\t\t\t\t<\/div>\n\t\t<\/section>\n\t\t\t\t<section class=\"elementor-section elementor-top-section elementor-element elementor-element-689917a8 elementor-section-full_width elementor-section-height-default elementor-section-height-default\" data-id=\"689917a8\" data-element_type=\"section\" data-e-type=\"section\">\n\t\t\t\t\t\t<div class=\"elementor-container elementor-column-gap-default\">\n\t\t\t\t\t<div class=\"elementor-column elementor-col-100 elementor-top-column elementor-element elementor-element-36ab1fea\" data-id=\"36ab1fea\" data-element_type=\"column\" data-e-type=\"column\">\n\t\t\t<div class=\"elementor-widget-wrap elementor-element-populated\">\n\t\t\t\t\t\t<div class=\"elementor-element elementor-element-4d421354 elementor-widget elementor-widget-image\" data-id=\"4d421354\" data-element_type=\"widget\" data-e-type=\"widget\" data-settings=\"{&quot;motion_fx_motion_fx_scrolling&quot;:&quot;yes&quot;,&quot;motion_fx_devices&quot;:[&quot;desktop&quot;,&quot;tablet&quot;,&quot;mobile&quot;]}\" data-widget_type=\"image.default\">\n\t\t\t\t<div class=\"elementor-widget-container\">\n\t\t\t\t\t\t\t\t\t\t\t\t\t\t\t<img fetchpriority=\"high\" decoding=\"async\" width=\"1719\" height=\"790\" src=\"https:\/\/www.aprz.eu\/wp-content\/uploads\/2020\/08\/mission-juidique.jpg\" class=\"attachment-full size-full wp-image-608\" alt=\"mission juridique\" srcset=\"https:\/\/www.aprz.eu\/wp-content\/uploads\/2020\/08\/mission-juidique.jpg 1719w, https:\/\/www.aprz.eu\/wp-content\/uploads\/2020\/08\/mission-juidique-300x138.jpg 300w, https:\/\/www.aprz.eu\/wp-content\/uploads\/2020\/08\/mission-juidique-1024x471.jpg 1024w, https:\/\/www.aprz.eu\/wp-content\/uploads\/2020\/08\/mission-juidique-768x353.jpg 768w, https:\/\/www.aprz.eu\/wp-content\/uploads\/2020\/08\/mission-juidique-1536x706.jpg 1536w\" sizes=\"(max-width: 1719px) 100vw, 1719px\" \/>\t\t\t\t\t\t\t\t\t\t\t\t\t\t\t<\/div>\n\t\t\t\t<\/div>\n\t\t\t\t\t<\/div>\n\t\t<\/div>\n\t\t\t\t\t<\/div>\n\t\t<\/section>\n\t\t\t\t<section class=\"elementor-section elementor-top-section elementor-element elementor-element-12c992c7 elementor-section-full_width elementor-section-height-default elementor-section-height-default\" data-id=\"12c992c7\" data-element_type=\"section\" data-e-type=\"section\">\n\t\t\t\t\t\t<div class=\"elementor-container elementor-column-gap-default\">\n\t\t\t\t\t<div class=\"elementor-column elementor-col-50 elementor-top-column elementor-element elementor-element-2d59bdab\" data-id=\"2d59bdab\" data-element_type=\"column\" data-e-type=\"column\">\n\t\t\t<div class=\"elementor-widget-wrap elementor-element-populated\">\n\t\t\t\t\t\t<section class=\"elementor-section elementor-inner-section elementor-element elementor-element-5303bdf elementor-section-height-min-height elementor-section-boxed elementor-section-height-default\" data-id=\"5303bdf\" data-element_type=\"section\" data-e-type=\"section\" data-settings=\"{&quot;motion_fx_motion_fx_scrolling&quot;:&quot;yes&quot;,&quot;motion_fx_translateY_effect&quot;:&quot;yes&quot;,&quot;motion_fx_translateY_direction&quot;:&quot;negative&quot;,&quot;motion_fx_translateY_speed&quot;:{&quot;unit&quot;:&quot;px&quot;,&quot;size&quot;:&quot;1&quot;,&quot;sizes&quot;:[]},&quot;motion_fx_devices&quot;:[&quot;desktop&quot;],&quot;motion_fx_translateY_affectedRange&quot;:{&quot;unit&quot;:&quot;%&quot;,&quot;size&quot;:&quot;&quot;,&quot;sizes&quot;:{&quot;start&quot;:0,&quot;end&quot;:100}}}\">\n\t\t\t\t\t\t<div class=\"elementor-container elementor-column-gap-default\">\n\t\t\t\t\t<div class=\"elementor-column elementor-col-100 elementor-inner-column elementor-element elementor-element-4441e539\" data-id=\"4441e539\" data-element_type=\"column\" data-e-type=\"column\">\n\t\t\t<div class=\"elementor-widget-wrap elementor-element-populated\">\n\t\t\t\t\t\t<div class=\"elementor-element elementor-element-752d42a3 elementor-widget elementor-widget-heading\" data-id=\"752d42a3\" data-element_type=\"widget\" data-e-type=\"widget\" data-widget_type=\"heading.default\">\n\t\t\t\t<div class=\"elementor-widget-container\">\n\t\t\t\t\t<h2 class=\"elementor-heading-title elementor-size-default\">Pourquoi avoir recours \u00e0 \n<br><b>un cabinet d\u2019avocats ? <\/b><\/h2>\t\t\t\t<\/div>\n\t\t\t\t<\/div>\n\t\t\t\t<div class=\"elementor-element elementor-element-7057353f elementor-widget elementor-widget-text-editor\" data-id=\"7057353f\" data-element_type=\"widget\" data-e-type=\"widget\" data-widget_type=\"text-editor.default\">\n\t\t\t\t<div class=\"elementor-widget-container\">\n\t\t\t\t\t\t\t\t\t<p>Les avocats partenaires r\u00e9digeront vos statuts et formalit\u00e9s de cr\u00e9ation, g\u00e9reront vos \u00e9ch\u00e9ances d\u2019assembl\u00e9es g\u00e9n\u00e9rales d\u2019associ\u00e9s, \u00e9criront les contrats de travail et accords collectifs pour vos salari\u00e9s. L\u2019interaction avocat expert-comptable est indispensable aujourd\u2019hui dans notre environnement d\u2019\u00e9volution continue l\u00e9gale, r\u00e9glementaire et jurisprudentielle. L\u2019expert-comptable ne va plaider au tribunal en cas de litige et \u00e0 l\u2019inverse l\u2019avocat ne va pas g\u00e9rer le quotidien de votre structure.<\/p>\t\t\t\t\t\t\t\t<\/div>\n\t\t\t\t<\/div>\n\t\t\t\t\t<\/div>\n\t\t<\/div>\n\t\t\t\t\t<\/div>\n\t\t<\/section>\n\t\t\t\t\t<\/div>\n\t\t<\/div>\n\t\t\t\t<div class=\"elementor-column elementor-col-50 elementor-top-column elementor-element elementor-element-17edd93a\" data-id=\"17edd93a\" data-element_type=\"column\" data-e-type=\"column\">\n\t\t\t<div class=\"elementor-widget-wrap elementor-element-populated\">\n\t\t\t\t\t\t<div class=\"elementor-element elementor-element-8737541 elementor-widget elementor-widget-image\" data-id=\"8737541\" data-element_type=\"widget\" data-e-type=\"widget\" data-widget_type=\"image.default\">\n\t\t\t\t<div class=\"elementor-widget-container\">\n\t\t\t\t\t\t\t\t\t\t\t\t\t\t\t<img decoding=\"async\" width=\"595\" height=\"576\" src=\"https:\/\/www.aprz.eu\/wp-content\/uploads\/2020\/08\/justice.jpg\" class=\"attachment-large size-large wp-image-613\" alt=\"Mission juridique\" srcset=\"https:\/\/www.aprz.eu\/wp-content\/uploads\/2020\/08\/justice.jpg 595w, https:\/\/www.aprz.eu\/wp-content\/uploads\/2020\/08\/justice-300x290.jpg 300w\" sizes=\"(max-width: 595px) 100vw, 595px\" \/>\t\t\t\t\t\t\t\t\t\t\t\t\t\t\t<\/div>\n\t\t\t\t<\/div>\n\t\t\t\t\t<\/div>\n\t\t<\/div>\n\t\t\t\t\t<\/div>\n\t\t<\/section>\n\t\t\t\t<section class=\"elementor-section elementor-top-section elementor-element elementor-element-14717a5 elementor-section-full_width elementor-section-content-top elementor-section-height-default elementor-section-height-default\" data-id=\"14717a5\" data-element_type=\"section\" data-e-type=\"section\">\n\t\t\t\t\t\t<div class=\"elementor-container elementor-column-gap-default\">\n\t\t\t\t\t<div class=\"elementor-column elementor-col-100 elementor-top-column elementor-element elementor-element-4b2886b\" data-id=\"4b2886b\" data-element_type=\"column\" data-e-type=\"column\">\n\t\t\t<div class=\"elementor-widget-wrap elementor-element-populated\">\n\t\t\t\t\t\t<div class=\"elementor-element elementor-element-8f2057f elementor-widget elementor-widget-heading\" data-id=\"8f2057f\" data-element_type=\"widget\" data-e-type=\"widget\" data-widget_type=\"heading.default\">\n\t\t\t\t<div class=\"elementor-widget-container\">\n\t\t\t\t\t<h2 class=\"elementor-heading-title elementor-size-default\">Quelle forme juridique choisir \n<br><b>en France ? <\/b><\/h2>\t\t\t\t<\/div>\n\t\t\t\t<\/div>\n\t\t\t\t<div class=\"elementor-element elementor-element-2b97ddd elementor-widget elementor-widget-text-editor\" data-id=\"2b97ddd\" data-element_type=\"widget\" data-e-type=\"widget\" data-widget_type=\"text-editor.default\">\n\t\t\t\t<div class=\"elementor-widget-container\">\n\t\t\t\t\t\t\t\t\t<p><strong>Notre cabinet d\u2019expertise-comptable APRZ<\/strong> a une vision globale de vos besoins et une exp\u00e9rience pragmatique de la structure juridique qui vous conviendra. Nous sommes plut\u00f4t port\u00e9s par le bon sens \u00ab adaptons votre structure juridique \u00e0 vos besoins strat\u00e9giques \u00bb.<\/p><p>C\u2019est pourquoi nous orientons les clients soit vers un ES Etablissement Stable (si ES d\u2019une succursale) ou Personne Morale de droit fran\u00e7ais (filiale) avec intervention d\u2019un avocat, soit vers une SDE sans \u00e9tablissement (Soci\u00e9t\u00e9 de Droit Etranger) que nous g\u00e9rons en direct avec l\u2019Administration Fran\u00e7aise.<\/p><p>La r\u00e9daction de votre TP Policy (documentation prix de transferts), contrat de management fees, de costplus, de financements et pr\u00eats inter compagnies, sont encore un moment d\u2019\u2019\u00e9change d\u2019exp\u00e9rience tripartite, entre vous le client \u00e0 qui le choix final revient, l\u2019avocat qui r\u00e9dige ces contrats, l\u2019expert-comptable qui les met en application.<\/p>\t\t\t\t\t\t\t\t<\/div>\n\t\t\t\t<\/div>\n\t\t\t\t\t<\/div>\n\t\t<\/div>\n\t\t\t\t\t<\/div>\n\t\t<\/section>\n\t\t\t\t<section class=\"elementor-section elementor-top-section elementor-element elementor-element-c50ee22 elementor-section-full_width elementor-section-content-top elementor-section-height-default elementor-section-height-default\" data-id=\"c50ee22\" data-element_type=\"section\" data-e-type=\"section\">\n\t\t\t\t\t\t<div class=\"elementor-container elementor-column-gap-default\">\n\t\t\t\t\t<div class=\"elementor-column elementor-col-50 elementor-top-column elementor-element elementor-element-47a15bd\" data-id=\"47a15bd\" data-element_type=\"column\" data-e-type=\"column\">\n\t\t\t<div class=\"elementor-widget-wrap elementor-element-populated\">\n\t\t\t\t\t\t<div class=\"elementor-element elementor-element-97e060c elementor-widget elementor-widget-heading\" data-id=\"97e060c\" data-element_type=\"widget\" data-e-type=\"widget\" data-widget_type=\"heading.default\">\n\t\t\t\t<div class=\"elementor-widget-container\">\n\t\t\t\t\t<h2 class=\"elementor-heading-title elementor-size-default\">Quelles assurances \n<br><b>souscrire ? <\/b><\/h2>\t\t\t\t<\/div>\n\t\t\t\t<\/div>\n\t\t\t\t<div class=\"elementor-element elementor-element-4066f32 elementor-widget elementor-widget-text-editor\" data-id=\"4066f32\" data-element_type=\"widget\" data-e-type=\"widget\" data-widget_type=\"text-editor.default\">\n\t\t\t\t<div class=\"elementor-widget-container\">\n\t\t\t\t\t\t\t\t\tNous vous demanderons de couvrir votre activit\u00e9 par les assurances\u00a0:\n<ul>\n \t<li><strong>Obligatoires<\/strong>\n<ul>\n \t<li>Sociales\n<ul>\n \t<li>Mutuelles<\/li>\n \t<li>Pr\u00e9voyance<\/li>\n<\/ul>\n<\/li>\n \t<li>Professionnelle\n<ul>\n \t<li>Responsabilit\u00e9 Civile<\/li>\n \t<li>Assurance des locaux d\u2019exploitation<\/li>\n \t<li>Marchandises transport\u00e9es<\/li>\n \t<li>V\u00e9hicules<\/li>\n<\/ul>\n<\/li>\n<\/ul>\n<\/li>\n<\/ul>\n<ul>\n \t<li><strong>Facultatives<\/strong> (<em>non obligatoires mais recommand\u00e9es uniquement<\/em>)\n<ul>\n \t<li>Sociales\n<ul>\n \t<li>Ch\u00f4mage des dirigeants<\/li>\n \t<li>Retraite suppl\u00e9mentaire<\/li>\n<\/ul>\n<\/li>\n \t<li>Professionnelle\n<ul>\n \t<li>Responsabilit\u00e9 du Mandataire Social<\/li>\n<\/ul>\n<\/li>\n<\/ul>\n<\/li>\n<\/ul>\nNous vous recommandons en premier lieu de faire \u00e9tendre vos garanties souscrites pour la maison m\u00e8re, pour la France. Lorsque votre assurance Groupe n\u2019accepte pas, nous vous mettons en relation avec des courtiers partenaires qui recherchent aupr\u00e8s de toutes les compagnies d\u2019assurance des couvertures pour la France selon vos besoins.\t\t\t\t\t\t\t\t<\/div>\n\t\t\t\t<\/div>\n\t\t\t\t\t<\/div>\n\t\t<\/div>\n\t\t\t\t<div class=\"elementor-column elementor-col-50 elementor-top-column elementor-element elementor-element-1b60a59\" data-id=\"1b60a59\" data-element_type=\"column\" data-e-type=\"column\">\n\t\t\t<div class=\"elementor-widget-wrap elementor-element-populated\">\n\t\t\t\t\t\t<div class=\"elementor-element elementor-element-d8ea9d0 elementor-widget elementor-widget-heading\" data-id=\"d8ea9d0\" data-element_type=\"widget\" data-e-type=\"widget\" data-widget_type=\"heading.default\">\n\t\t\t\t<div class=\"elementor-widget-container\">\n\t\t\t\t\t<h2 class=\"elementor-heading-title elementor-size-default\">En \n<br><b>conclusion ?<\/b><\/h2>\t\t\t\t<\/div>\n\t\t\t\t<\/div>\n\t\t\t\t<div class=\"elementor-element elementor-element-cd1cea1 elementor-widget elementor-widget-text-editor\" data-id=\"cd1cea1\" data-element_type=\"widget\" data-e-type=\"widget\" data-widget_type=\"text-editor.default\">\n\t\t\t\t<div class=\"elementor-widget-container\">\n\t\t\t\t\t\t\t\t\t<p>Notre exp\u00e9rience nous permet de vous faire \u00e9viter des pi\u00e8ges pr\u00e9sent\u00e9s dans la litt\u00e9rature \u00e9conomique comme des normes par ceux qui ne les pratiquent pas. Par exemple selon votre activit\u00e9 nous vous dissuaderons de cr\u00e9er un bureau de liaison car les tol\u00e9rances fiscales vous entraineraient vers des zones grises (\u00e0 risque), aussi parfois les succursales ne sont pas les meilleurs outils et nous pr\u00e9senterons le m\u00e9canisme moins connu de SDE employeur \u00e9tranger sans besoin d\u2019aucune gestion fiscale.<\/p>\t\t\t\t\t\t\t\t<\/div>\n\t\t\t\t<\/div>\n\t\t\t\t<div class=\"elementor-element elementor-element-b054be7 elementor-widget elementor-widget-image\" data-id=\"b054be7\" data-element_type=\"widget\" data-e-type=\"widget\" data-widget_type=\"image.default\">\n\t\t\t\t<div class=\"elementor-widget-container\">\n\t\t\t\t\t\t\t\t\t\t\t\t\t\t\t<img decoding=\"async\" width=\"522\" height=\"581\" src=\"https:\/\/www.aprz.eu\/wp-content\/uploads\/2020\/08\/justice-02.jpg\" class=\"attachment-large size-large wp-image-621\" alt=\"mission juridique\" srcset=\"https:\/\/www.aprz.eu\/wp-content\/uploads\/2020\/08\/justice-02.jpg 522w, https:\/\/www.aprz.eu\/wp-content\/uploads\/2020\/08\/justice-02-270x300.jpg 270w\" sizes=\"(max-width: 522px) 100vw, 522px\" \/>\t\t\t\t\t\t\t\t\t\t\t\t\t\t\t<\/div>\n\t\t\t\t<\/div>\n\t\t\t\t\t<\/div>\n\t\t<\/div>\n\t\t\t\t\t<\/div>\n\t\t<\/section>\n\t\t\t\t<\/div>\n\t\t","protected":false},"excerpt":{"rendered":"<p>Mission JURIDIQUE Notre cabinet d\u2019expertise comptable travaille en parfaite collaboration et efficacit\u00e9 avec un r\u00e9seau d\u2019avocats internationaux, en droit des soci\u00e9t\u00e9s et droit du travail, afin de vous fournir un service professionnel et de qualit\u00e9. Pourquoi avoir recours \u00e0 un cabinet d\u2019avocats ? Les avocats partenaires r\u00e9digeront vos statuts et formalit\u00e9s de cr\u00e9ation, g\u00e9reront vos [&hellip;]<\/p>\n","protected":false},"author":1,"featured_media":0,"parent":0,"menu_order":0,"comment_status":"closed","ping_status":"closed","template":"elementor_header_footer","meta":{"footnotes":""},"class_list":["post-604","page","type-page","status-publish","hentry"],"_links":{"self":[{"href":"https:\/\/www.aprz.eu\/fr\/wp-json\/wp\/v2\/pages\/604","targetHints":{"allow":["GET"]}}],"collection":[{"href":"https:\/\/www.aprz.eu\/fr\/wp-json\/wp\/v2\/pages"}],"about":[{"href":"https:\/\/www.aprz.eu\/fr\/wp-json\/wp\/v2\/types\/page"}],"author":[{"embeddable":true,"href":"https:\/\/www.aprz.eu\/fr\/wp-json\/wp\/v2\/users\/1"}],"replies":[{"embeddable":true,"href":"https:\/\/www.aprz.eu\/fr\/wp-json\/wp\/v2\/comments?post=604"}],"version-history":[{"count":16,"href":"https:\/\/www.aprz.eu\/fr\/wp-json\/wp\/v2\/pages\/604\/revisions"}],"predecessor-version":[{"id":1783,"href":"https:\/\/www.aprz.eu\/fr\/wp-json\/wp\/v2\/pages\/604\/revisions\/1783"}],"wp:attachment":[{"href":"https:\/\/www.aprz.eu\/fr\/wp-json\/wp\/v2\/media?parent=604"}],"curies":[{"name":"wp","href":"https:\/\/api.w.org\/{rel}","templated":true}]}}