{"id":3,"date":"2020-08-03T19:31:04","date_gmt":"2020-08-03T17:31:04","guid":{"rendered":"http:\/\/www.aprz.eu\/refonte\/?page_id=3"},"modified":"2023-01-24T11:20:56","modified_gmt":"2023-01-24T10:20:56","slug":"privacy-policy","status":"publish","type":"page","link":"https:\/\/www.aprz.eu\/en\/privacy-policy\/","title":{"rendered":"Privacy policy"},"content":{"rendered":"\t\t<div data-elementor-type=\"wp-page\" data-elementor-id=\"3\" class=\"elementor elementor-3\" data-elementor-post-type=\"page\">\n\t\t\t\t\t\t<section class=\"elementor-section elementor-top-section elementor-element elementor-element-251e7dcf elementor-section-boxed elementor-section-height-default elementor-section-height-default\" data-id=\"251e7dcf\" data-element_type=\"section\" data-e-type=\"section\">\n\t\t\t\t\t\t<div class=\"elementor-container elementor-column-gap-default\">\n\t\t\t\t\t<div class=\"elementor-column elementor-col-100 elementor-top-column elementor-element elementor-element-197a0ed5\" data-id=\"197a0ed5\" data-element_type=\"column\" data-e-type=\"column\">\n\t\t\t<div class=\"elementor-widget-wrap elementor-element-populated\">\n\t\t\t\t\t\t<div class=\"elementor-element elementor-element-162722f5 elementor-widget elementor-widget-text-editor\" data-id=\"162722f5\" data-element_type=\"widget\" data-e-type=\"widget\" data-widget_type=\"text-editor.default\">\n\t\t\t\t<div class=\"elementor-widget-container\">\n\t\t\t\t\t\t\t\t\t<h1><span style=\"vertical-align: inherit;\"><span style=\"vertical-align: inherit;\">Qui sommes nous?<\/span><\/span><\/h1><p><span style=\"vertical-align: inherit;\"><span style=\"vertical-align: inherit;\">L&#8217;adresse de notre site Web est : http:\/\/www.aprz.eu.<\/span><\/span><\/p><h2><span style=\"vertical-align: inherit;\"><span style=\"vertical-align: inherit;\">Utilisation des donn\u00e9es personnelles collect\u00e9es <\/span><\/span><br \/><span style=\"vertical-align: inherit;\"><span style=\"vertical-align: inherit;\">Commentaires<\/span><\/span><\/h2><p><span style=\"vertical-align: inherit;\"><span style=\"vertical-align: inherit;\">Lorsque vous laissez un commentaire sur notre site Web, non seulement les donn\u00e9es saisies dans le formulaire de commentaire, mais \u00e9galement votre adresse IP et l&#8217;agent utilisateur de votre navigateur sont collect\u00e9es pour nous aider \u00e0 d\u00e9tecter les commentaires ind\u00e9sirables.<\/span><\/span><\/p><p><span style=\"vertical-align: inherit;\"><span style=\"vertical-align: inherit;\">Une cha\u00eene anonyme cr\u00e9\u00e9e \u00e0 partir de votre adresse e-mail (\u00e9galement appel\u00e9e hachage) peut \u00eatre envoy\u00e9e au service Gravatar pour v\u00e9rifier si vous utilisez le service. <\/span><span style=\"vertical-align: inherit;\">La politique de confidentialit\u00e9 du service Gravatar est disponible ici : https:\/\/automattic.com\/privacy\/. <\/span><span style=\"vertical-align: inherit;\">Apr\u00e8s validation de votre commentaire, votre photo de profil sera visible publiquement \u00e0 c\u00f4t\u00e9 de votre commentaire.<\/span><\/span><\/p><h2><span style=\"vertical-align: inherit;\"><span style=\"vertical-align: inherit;\">M\u00e9dias<\/span><\/span><\/h2><p><span style=\"vertical-align: inherit;\"><span style=\"vertical-align: inherit;\">Si vous \u00eates un utilisateur enregistr\u00e9 et t\u00e9l\u00e9chargez des images sur le site Web, nous vous conseillons d&#8217;\u00e9viter de t\u00e9l\u00e9charger des images contenant des donn\u00e9es de coordonn\u00e9es GPS EXIF. <\/span><span style=\"vertical-align: inherit;\">Les visiteurs de votre site Web peuvent t\u00e9l\u00e9charger et extraire des donn\u00e9es de localisation \u00e0 partir de ces images.<\/span><\/span><\/p><h2><span style=\"vertical-align: inherit;\"><span style=\"vertical-align: inherit;\">Formulaires de contact <\/span><\/span><br \/><span style=\"vertical-align: inherit;\"><span style=\"vertical-align: inherit;\">Cookies<\/span><\/span><\/h2><p><span style=\"vertical-align: inherit;\"><span style=\"vertical-align: inherit;\">Si vous laissez un commentaire sur notre site, il vous sera demand\u00e9 d&#8217;enregistrer votre nom, votre adresse e-mail et votre site web dans des cookies. <\/span><span style=\"vertical-align: inherit;\">Ceci est uniquement pour votre commodit\u00e9 afin que vous n&#8217;ayez pas \u00e0 saisir ces informations si vous faites un autre commentaire plus tard. <\/span><span style=\"vertical-align: inherit;\">Ces cookies expirent apr\u00e8s un an.<\/span><\/span><\/p><p><span style=\"vertical-align: inherit;\"><span style=\"vertical-align: inherit;\">Si vous vous rendez sur la page de connexion, un cookie temporaire sera cr\u00e9\u00e9 pour d\u00e9terminer si votre navigateur accepte les cookies. <\/span><span style=\"vertical-align: inherit;\">Il ne contient aucune donn\u00e9e personnelle et sera supprim\u00e9 automatiquement lorsque vous fermerez votre navigateur.<\/span><\/span><\/p><p><span style=\"vertical-align: inherit;\"><span style=\"vertical-align: inherit;\">Lorsque vous vous connectez, nous installons un certain nombre de cookies pour enregistrer vos informations de connexion et vos pr\u00e9f\u00e9rences d&#8217;\u00e9cran. <\/span><span style=\"vertical-align: inherit;\">La dur\u00e9e de vie d&#8217;un cookie de connexion est de deux jours, celle d&#8217;un cookie d&#8217;option d&#8217;\u00e9cran est d&#8217;un an. <\/span><span style=\"vertical-align: inherit;\">Si vous cochez \u00ab Se souvenir de moi \u00bb, votre cookie sera conserv\u00e9 pendant une quinzaine de jours. <\/span><span style=\"vertical-align: inherit;\">Si vous vous d\u00e9connectez de votre compte, le cookie sera supprim\u00e9.<\/span><\/span><\/p><p><span style=\"vertical-align: inherit;\"><span style=\"vertical-align: inherit;\">Lorsque vous modifiez ou publiez une publication, un cookie suppl\u00e9mentaire sera stock\u00e9 dans votre navigateur. <\/span><span style=\"vertical-align: inherit;\">Ce cookie ne contient aucune donn\u00e9e personnelle. <\/span><span style=\"vertical-align: inherit;\">Il indique simplement l&#8217;ID de la publication que vous venez de modifier. <\/span><span style=\"vertical-align: inherit;\">Il expire apr\u00e8s un jour.<\/span><\/span><\/p><h2><span style=\"vertical-align: inherit;\"><span style=\"vertical-align: inherit;\">Contenu int\u00e9gr\u00e9 d&#8217;autres sites<\/span><\/span><\/h2><p><span style=\"vertical-align: inherit;\"><span style=\"vertical-align: inherit;\">Les articles de ce site peuvent inclure des contenus int\u00e9gr\u00e9s (par exemple des vid\u00e9os, des images, des articles&#8230;). <\/span><span style=\"vertical-align: inherit;\">Le contenu int\u00e9gr\u00e9 \u00e0 partir d&#8217;autres sites se comporte de la m\u00eame mani\u00e8re que si le visiteur visitait cet autre site.<\/span><\/span><\/p><p><span style=\"vertical-align: inherit;\"><span style=\"vertical-align: inherit;\">Ces sites Web peuvent collecter des donn\u00e9es vous concernant, utiliser des cookies, int\u00e9grer des outils de suivi tiers, suivre vos interactions avec ces contenus int\u00e9gr\u00e9s si vous avez un compte connect\u00e9 \u00e0 leur site Web.<\/span><\/span><\/p><h2><span style=\"vertical-align: inherit;\"><span style=\"vertical-align: inherit;\">Statistiques et mesure d&#8217;audience <\/span><\/span><br \/><span style=\"vertical-align: inherit;\"><span style=\"vertical-align: inherit;\">Utilisation et transmission de vos donn\u00e9es personnelles <\/span><\/span><br \/><span style=\"vertical-align: inherit;\"><span style=\"vertical-align: inherit;\">Combien de temps conservez-vous vos donn\u00e9es ?<\/span><\/span><\/h2><p><span style=\"vertical-align: inherit;\"><span style=\"vertical-align: inherit;\">Si vous laissez un commentaire, le commentaire et ses m\u00e9tadonn\u00e9es sont conserv\u00e9s ind\u00e9finiment. <\/span><span style=\"vertical-align: inherit;\">Cela permet de reconna\u00eetre et d&#8217;approuver automatiquement les commentaires suivants au lieu de les laisser dans la file d&#8217;attente de mod\u00e9ration.<\/span><\/span><\/p><p><span style=\"vertical-align: inherit;\"><span style=\"vertical-align: inherit;\">Pour les utilisateurs qui s&#8217;inscrivent sur notre site (si possible), nous stockons \u00e9galement les donn\u00e9es personnelles indiqu\u00e9es dans leur profil. <\/span><span style=\"vertical-align: inherit;\">Tous les utilisateurs peuvent consulter, modifier ou supprimer leurs informations personnelles \u00e0 tout moment (\u00e0 l&#8217;exception de leur nom d&#8217;utilisateur-ice). <\/span><span style=\"vertical-align: inherit;\">Les responsables du site peuvent \u00e9galement consulter et modifier ces informations.<\/span><\/span><\/p><h2><span style=\"vertical-align: inherit;\"><span style=\"vertical-align: inherit;\">Les droits que vous avez sur vos donn\u00e9es<\/span><\/span><\/h2><p><span style=\"vertical-align: inherit;\"><span style=\"vertical-align: inherit;\">Si vous avez un compte ou si vous avez laiss\u00e9 des commentaires sur le site, vous pouvez demander \u00e0 recevoir un fichier contenant toutes les donn\u00e9es personnelles que nous d\u00e9tenons \u00e0 votre sujet, y compris les donn\u00e9es que vous nous avez fournies. <\/span><span style=\"vertical-align: inherit;\">Vous pouvez \u00e9galement demander la suppression de vos donn\u00e9es personnelles. <\/span><span style=\"vertical-align: inherit;\">Cela n&#8217;inclut pas les donn\u00e9es stock\u00e9es \u00e0 des fins administratives, juridiques ou de s\u00e9curit\u00e9.<\/span><\/span><\/p><h2><span style=\"vertical-align: inherit;\"><span style=\"vertical-align: inherit;\">Transmission de vos donn\u00e9es personnelles<\/span><\/span><\/h2><p><span style=\"vertical-align: inherit;\"><span style=\"vertical-align: inherit;\">Les commentaires des visiteurs peuvent \u00eatre v\u00e9rifi\u00e9s \u00e0 l&#8217;aide d&#8217;un service automatis\u00e9 pour d\u00e9tecter les commentaires ind\u00e9sirables.<\/span><\/span><\/p><p><span style=\"vertical-align: inherit;\"><span style=\"vertical-align: inherit;\">Coordonn\u00e9es Informations <\/span><\/span><br \/><span style=\"vertical-align: inherit;\"><span style=\"vertical-align: inherit;\">compl\u00e9mentaires <\/span><\/span><br \/><span style=\"vertical-align: inherit;\"><span style=\"vertical-align: inherit;\">Comment nous prot\u00e9geons vos donn\u00e9es <\/span><\/span><br \/><span style=\"vertical-align: inherit;\"><span style=\"vertical-align: inherit;\">Proc\u00e9dures mises en \u0153uvre en cas de fuite de donn\u00e9es <\/span><\/span><br \/><span style=\"vertical-align: inherit;\"><span style=\"vertical-align: inherit;\">Services tiers qui nous transmettent des donn\u00e9es <\/span><\/span><br \/><span style=\"vertical-align: inherit;\"><span style=\"vertical-align: inherit;\">Op\u00e9rations automatis\u00e9es de marketing et\/ou de profilage r\u00e9alis\u00e9es \u00e0 partir de donn\u00e9es personnelles <\/span><\/span><br \/><span style=\"vertical-align: inherit;\"><span style=\"vertical-align: inherit;\">Affichage d&#8217;informations relatives \u00e0 des secteurs soumis \u00e0 une r\u00e9glementation sp\u00e9cifique<\/span><\/span><\/p>\t\t\t\t\t\t\t\t<\/div>\n\t\t\t\t<\/div>\n\t\t\t\t\t<\/div>\n\t\t<\/div>\n\t\t\t\t\t<\/div>\n\t\t<\/section>\n\t\t\t\t<\/div>\n\t\t","protected":false},"excerpt":{"rendered":"<p>Qui sommes nous? L&#8217;adresse de notre site Web est : http:\/\/www.aprz.eu. Utilisation des donn\u00e9es personnelles collect\u00e9es Commentaires Lorsque vous laissez un commentaire sur notre site Web, non seulement les donn\u00e9es saisies dans le formulaire de commentaire, mais \u00e9galement votre adresse IP et l&#8217;agent utilisateur de votre navigateur sont collect\u00e9es pour nous aider \u00e0 d\u00e9tecter les [&hellip;]<\/p>\n","protected":false},"author":1,"featured_media":0,"parent":0,"menu_order":0,"comment_status":"closed","ping_status":"open","template":"elementor_header_footer","meta":{"footnotes":""},"class_list":["post-3","page","type-page","status-publish","hentry"],"_links":{"self":[{"href":"https:\/\/www.aprz.eu\/en\/wp-json\/wp\/v2\/pages\/3","targetHints":{"allow":["GET"]}}],"collection":[{"href":"https:\/\/www.aprz.eu\/en\/wp-json\/wp\/v2\/pages"}],"about":[{"href":"https:\/\/www.aprz.eu\/en\/wp-json\/wp\/v2\/types\/page"}],"author":[{"embeddable":true,"href":"https:\/\/www.aprz.eu\/en\/wp-json\/wp\/v2\/users\/1"}],"replies":[{"embeddable":true,"href":"https:\/\/www.aprz.eu\/en\/wp-json\/wp\/v2\/comments?post=3"}],"version-history":[{"count":12,"href":"https:\/\/www.aprz.eu\/en\/wp-json\/wp\/v2\/pages\/3\/revisions"}],"predecessor-version":[{"id":11732,"href":"https:\/\/www.aprz.eu\/en\/wp-json\/wp\/v2\/pages\/3\/revisions\/11732"}],"wp:attachment":[{"href":"https:\/\/www.aprz.eu\/en\/wp-json\/wp\/v2\/media?parent=3"}],"curies":[{"name":"wp","href":"https:\/\/api.w.org\/{rel}","templated":true}]}}