{"id":1111,"date":"2020-08-24T15:59:20","date_gmt":"2020-08-24T13:59:20","guid":{"rendered":"http:\/\/www.aprz.eu\/refonte\/mission-juridique\/"},"modified":"2020-11-01T13:34:00","modified_gmt":"2020-11-01T12:34:00","slug":"juristische-mission","status":"publish","type":"page","link":"https:\/\/www.aprz.eu\/de\/juristische-mission\/","title":{"rendered":"Juristische Mission"},"content":{"rendered":"\t\t<div data-elementor-type=\"wp-page\" data-elementor-id=\"1111\" class=\"elementor elementor-1111 elementor-604\" data-elementor-post-type=\"page\">\n\t\t\t\t\t\t<section class=\"elementor-section elementor-top-section elementor-element elementor-element-6af19225 elementor-section-full_width elementor-section-height-default elementor-section-height-default\" data-id=\"6af19225\" data-element_type=\"section\" data-e-type=\"section\" data-settings=\"{&quot;background_background&quot;:&quot;classic&quot;}\">\n\t\t\t\t\t\t<div class=\"elementor-container elementor-column-gap-default\">\n\t\t\t\t\t<div class=\"elementor-column elementor-col-50 elementor-top-column elementor-element elementor-element-2f884f1\" data-id=\"2f884f1\" data-element_type=\"column\" data-e-type=\"column\">\n\t\t\t<div class=\"elementor-widget-wrap elementor-element-populated\">\n\t\t\t\t\t\t<div class=\"elementor-element elementor-element-4985b6c2 elementor-widget elementor-widget-heading\" data-id=\"4985b6c2\" data-element_type=\"widget\" data-e-type=\"widget\" data-widget_type=\"heading.default\">\n\t\t\t\t<div class=\"elementor-widget-container\">\n\t\t\t\t\t<h1 class=\"elementor-heading-title elementor-size-default\"><b>RECHT<\/b><\/h1>\t\t\t\t<\/div>\n\t\t\t\t<\/div>\n\t\t\t\t\t<\/div>\n\t\t<\/div>\n\t\t\t\t<div class=\"elementor-column elementor-col-50 elementor-top-column elementor-element elementor-element-12dc735f\" data-id=\"12dc735f\" data-element_type=\"column\" data-e-type=\"column\">\n\t\t\t<div class=\"elementor-widget-wrap elementor-element-populated\">\n\t\t\t\t\t\t<div class=\"elementor-element elementor-element-708df6c6 elementor-widget elementor-widget-text-editor\" data-id=\"708df6c6\" data-element_type=\"widget\" data-e-type=\"widget\" data-widget_type=\"text-editor.default\">\n\t\t\t\t<div class=\"elementor-widget-container\">\n\t\t\t\t\t\t\t\t\t<p>Unsere Wirtschaftspr\u00fcfungsgesellschaft arbeitet mit einem Netz internationaler Rechtsanw\u00e4lte in Bezug auf Gesellschafts- und Arbeitsrecht eng zusammen, um Ihnen eine professionelle und qualitativ hochwertige Dienstleistung zu bieten.<\/p>\t\t\t\t\t\t\t\t<\/div>\n\t\t\t\t<\/div>\n\t\t\t\t\t<\/div>\n\t\t<\/div>\n\t\t\t\t\t<\/div>\n\t\t<\/section>\n\t\t\t\t<section class=\"elementor-section elementor-top-section elementor-element elementor-element-689917a8 elementor-section-full_width elementor-section-height-default elementor-section-height-default\" data-id=\"689917a8\" data-element_type=\"section\" data-e-type=\"section\">\n\t\t\t\t\t\t<div class=\"elementor-container elementor-column-gap-default\">\n\t\t\t\t\t<div class=\"elementor-column elementor-col-100 elementor-top-column elementor-element elementor-element-36ab1fea\" data-id=\"36ab1fea\" data-element_type=\"column\" data-e-type=\"column\">\n\t\t\t<div class=\"elementor-widget-wrap elementor-element-populated\">\n\t\t\t\t\t\t<div class=\"elementor-element elementor-element-4d421354 elementor-widget elementor-widget-image\" data-id=\"4d421354\" data-element_type=\"widget\" data-e-type=\"widget\" data-settings=\"{&quot;motion_fx_motion_fx_scrolling&quot;:&quot;yes&quot;,&quot;motion_fx_devices&quot;:[&quot;desktop&quot;,&quot;tablet&quot;,&quot;mobile&quot;]}\" data-widget_type=\"image.default\">\n\t\t\t\t<div class=\"elementor-widget-container\">\n\t\t\t\t\t\t\t\t\t\t\t\t\t\t\t<img fetchpriority=\"high\" decoding=\"async\" width=\"1719\" height=\"790\" src=\"https:\/\/www.aprz.eu\/wp-content\/uploads\/2020\/09\/legal-de.jpg\" class=\"attachment-full size-full wp-image-1184\" alt=\"JURISTISCHE APRZ\" srcset=\"https:\/\/www.aprz.eu\/wp-content\/uploads\/2020\/09\/legal-de.jpg 1719w, https:\/\/www.aprz.eu\/wp-content\/uploads\/2020\/09\/legal-de-300x138.jpg 300w, https:\/\/www.aprz.eu\/wp-content\/uploads\/2020\/09\/legal-de-1024x471.jpg 1024w, https:\/\/www.aprz.eu\/wp-content\/uploads\/2020\/09\/legal-de-768x353.jpg 768w, https:\/\/www.aprz.eu\/wp-content\/uploads\/2020\/09\/legal-de-1536x706.jpg 1536w\" sizes=\"(max-width: 1719px) 100vw, 1719px\" \/>\t\t\t\t\t\t\t\t\t\t\t\t\t\t\t<\/div>\n\t\t\t\t<\/div>\n\t\t\t\t\t<\/div>\n\t\t<\/div>\n\t\t\t\t\t<\/div>\n\t\t<\/section>\n\t\t\t\t<section class=\"elementor-section elementor-top-section elementor-element elementor-element-12c992c7 elementor-section-full_width elementor-section-height-default elementor-section-height-default\" data-id=\"12c992c7\" data-element_type=\"section\" data-e-type=\"section\">\n\t\t\t\t\t\t<div class=\"elementor-container elementor-column-gap-default\">\n\t\t\t\t\t<div class=\"elementor-column elementor-col-50 elementor-top-column elementor-element elementor-element-2d59bdab\" data-id=\"2d59bdab\" data-element_type=\"column\" data-e-type=\"column\">\n\t\t\t<div class=\"elementor-widget-wrap elementor-element-populated\">\n\t\t\t\t\t\t<section class=\"elementor-section elementor-inner-section elementor-element elementor-element-5303bdf elementor-section-height-min-height elementor-section-boxed elementor-section-height-default\" data-id=\"5303bdf\" data-element_type=\"section\" data-e-type=\"section\" data-settings=\"{&quot;motion_fx_motion_fx_scrolling&quot;:&quot;yes&quot;,&quot;motion_fx_translateY_effect&quot;:&quot;yes&quot;,&quot;motion_fx_translateY_direction&quot;:&quot;negative&quot;,&quot;motion_fx_translateY_speed&quot;:{&quot;unit&quot;:&quot;px&quot;,&quot;size&quot;:&quot;1&quot;,&quot;sizes&quot;:[]},&quot;motion_fx_devices&quot;:[&quot;desktop&quot;],&quot;motion_fx_translateY_affectedRange&quot;:{&quot;unit&quot;:&quot;%&quot;,&quot;size&quot;:&quot;&quot;,&quot;sizes&quot;:{&quot;start&quot;:0,&quot;end&quot;:100}}}\">\n\t\t\t\t\t\t<div class=\"elementor-container elementor-column-gap-default\">\n\t\t\t\t\t<div class=\"elementor-column elementor-col-100 elementor-inner-column elementor-element elementor-element-4441e539\" data-id=\"4441e539\" data-element_type=\"column\" data-e-type=\"column\">\n\t\t\t<div class=\"elementor-widget-wrap elementor-element-populated\">\n\t\t\t\t\t\t<div class=\"elementor-element elementor-element-752d42a3 elementor-widget elementor-widget-heading\" data-id=\"752d42a3\" data-element_type=\"widget\" data-e-type=\"widget\" data-widget_type=\"heading.default\">\n\t\t\t\t<div class=\"elementor-widget-container\">\n\t\t\t\t\t<h2 class=\"elementor-heading-title elementor-size-default\">Warum betreiben Sie \n<br><b>eine Anwaltskanzlei ? <\/b><\/h2>\t\t\t\t<\/div>\n\t\t\t\t<\/div>\n\t\t\t\t<div class=\"elementor-element elementor-element-7057353f elementor-widget elementor-widget-text-editor\" data-id=\"7057353f\" data-element_type=\"widget\" data-e-type=\"widget\" data-widget_type=\"text-editor.default\">\n\t\t\t\t<div class=\"elementor-widget-container\">\n\t\t\t\t\t\t\t\t\t<p>Die Partneranw\u00e4lte werden Ihre Satzung und Gr\u00fcndungsformalit\u00e4ten ausarbeiten, Ihre Termine f\u00fcr Hauptversammlungen verwalten, Arbeitsvertr\u00e4ge und Kollektivvereinbarungen f\u00fcr Ihre Mitarbeiter abschlie\u00dfen. Die Interaktion von Rechtsanwalt und Wirtschaftspr\u00fcfer ist heute in unserem Umfeld der st\u00e4ndigen rechtlichen, ordnungspolitischen und gerichtlichen Entwicklung unverzichtbar. Der Wirtschaftspr\u00fcfer wird im Streitfall nicht vor Gericht erscheinen, und umgekehrt wird der Anwalt den Alltag Ihrer Einheit nicht verwalten.<\/p>\t\t\t\t\t\t\t\t<\/div>\n\t\t\t\t<\/div>\n\t\t\t\t\t<\/div>\n\t\t<\/div>\n\t\t\t\t\t<\/div>\n\t\t<\/section>\n\t\t\t\t\t<\/div>\n\t\t<\/div>\n\t\t\t\t<div class=\"elementor-column elementor-col-50 elementor-top-column elementor-element elementor-element-17edd93a\" data-id=\"17edd93a\" data-element_type=\"column\" data-e-type=\"column\">\n\t\t\t<div class=\"elementor-widget-wrap elementor-element-populated\">\n\t\t\t\t\t\t<div class=\"elementor-element elementor-element-8737541 elementor-widget elementor-widget-image\" data-id=\"8737541\" data-element_type=\"widget\" data-e-type=\"widget\" data-widget_type=\"image.default\">\n\t\t\t\t<div class=\"elementor-widget-container\">\n\t\t\t\t\t\t\t\t\t\t\t\t\t\t\t<img decoding=\"async\" width=\"595\" height=\"576\" src=\"https:\/\/www.aprz.eu\/wp-content\/uploads\/2020\/08\/justice.jpg\" class=\"attachment-large size-large wp-image-615\" alt=\"mission juridique\" srcset=\"https:\/\/www.aprz.eu\/wp-content\/uploads\/2020\/08\/justice.jpg 595w, https:\/\/www.aprz.eu\/wp-content\/uploads\/2020\/08\/justice-300x290.jpg 300w\" sizes=\"(max-width: 595px) 100vw, 595px\" \/>\t\t\t\t\t\t\t\t\t\t\t\t\t\t\t<\/div>\n\t\t\t\t<\/div>\n\t\t\t\t\t<\/div>\n\t\t<\/div>\n\t\t\t\t\t<\/div>\n\t\t<\/section>\n\t\t\t\t<section class=\"elementor-section elementor-top-section elementor-element elementor-element-14717a5 elementor-section-full_width elementor-section-content-top elementor-section-height-default elementor-section-height-default\" data-id=\"14717a5\" data-element_type=\"section\" data-e-type=\"section\">\n\t\t\t\t\t\t<div class=\"elementor-container elementor-column-gap-default\">\n\t\t\t\t\t<div class=\"elementor-column elementor-col-100 elementor-top-column elementor-element elementor-element-4b2886b\" data-id=\"4b2886b\" data-element_type=\"column\" data-e-type=\"column\">\n\t\t\t<div class=\"elementor-widget-wrap elementor-element-populated\">\n\t\t\t\t\t\t<div class=\"elementor-element elementor-element-8f2057f elementor-widget elementor-widget-heading\" data-id=\"8f2057f\" data-element_type=\"widget\" data-e-type=\"widget\" data-widget_type=\"heading.default\">\n\t\t\t\t<div class=\"elementor-widget-container\">\n\t\t\t\t\t<h2 class=\"elementor-heading-title elementor-size-default\">Welche Rechtsform soll in Frankreich \n<br><b>gew\u00e4hlt werden ? <\/b><\/h2>\t\t\t\t<\/div>\n\t\t\t\t<\/div>\n\t\t\t\t<div class=\"elementor-element elementor-element-2b97ddd elementor-widget elementor-widget-text-editor\" data-id=\"2b97ddd\" data-element_type=\"widget\" data-e-type=\"widget\" data-widget_type=\"text-editor.default\">\n\t\t\t\t<div class=\"elementor-widget-container\">\n\t\t\t\t\t\t\t\t\t<p>Unsere Wirtschaftspr\u00fcfungsgesellschaft hat einen umfassenden \u00dcberblick \u00fcber Ihre Bed\u00fcrfnisse und eine pragmatische Erfahrung mit der f\u00fcr Sie geeigneten Rechtsform. Wir sind eher vom gesunden Menschenverstand getragen, d. h. Passen Sie Ihre Rechtsstruktur Ihren strategischen Bed\u00fcrfnissen an.<\/p><p>Deshalb empfehlen wir die Kunden entweder eine sog. ES Etablissement Stable (falls es sich um eine Zweigniederlassung handelt) oder an eine juristische Person franz\u00f6sischen Rechts (bei einer Tochtergesellschaft) mit Einschaltung eines Rechtsanwalts oder an ein Unternehmen ohne Niederlassung (Soci\u00e9t\u00e9 de Droit Etranger). Wir setzen Sie direkt mit der franz\u00f6sischen Verwaltung in Verbindung.<\/p><p>Die Abfassung Ihrer TP Policy (Transferpreisdokumentation), Management-Fees-Vertr\u00e4ge, Costplus-Vertr\u00e4ge, Finanzierungen und Darlehen zwischen Fluggesellschaften sind ebenfalls Gegenstand eines Erfahrungsaustauschs zwischen Ihnen, dem Kunden, dem die endg\u00fcltige Entscheidung obliegt, dem Rechtsanwalt, der diese Vertr\u00e4ge erstellt, sowie des Wirtschaftspr\u00fcfers, der sie umsetzt.<\/p>\t\t\t\t\t\t\t\t<\/div>\n\t\t\t\t<\/div>\n\t\t\t\t\t<\/div>\n\t\t<\/div>\n\t\t\t\t\t<\/div>\n\t\t<\/section>\n\t\t\t\t<section class=\"elementor-section elementor-top-section elementor-element elementor-element-c50ee22 elementor-section-full_width elementor-section-content-top elementor-section-height-default elementor-section-height-default\" data-id=\"c50ee22\" data-element_type=\"section\" data-e-type=\"section\">\n\t\t\t\t\t\t<div class=\"elementor-container elementor-column-gap-default\">\n\t\t\t\t\t<div class=\"elementor-column elementor-col-50 elementor-top-column elementor-element elementor-element-47a15bd\" data-id=\"47a15bd\" data-element_type=\"column\" data-e-type=\"column\">\n\t\t\t<div class=\"elementor-widget-wrap elementor-element-populated\">\n\t\t\t\t\t\t<div class=\"elementor-element elementor-element-97e060c elementor-widget elementor-widget-heading\" data-id=\"97e060c\" data-element_type=\"widget\" data-e-type=\"widget\" data-widget_type=\"heading.default\">\n\t\t\t\t<div class=\"elementor-widget-container\">\n\t\t\t\t\t<h2 class=\"elementor-heading-title elementor-size-default\">Welche Versicherung\n<br><b>abonnieren ? <\/b><\/h2>\t\t\t\t<\/div>\n\t\t\t\t<\/div>\n\t\t\t\t<div class=\"elementor-element elementor-element-4066f32 elementor-widget elementor-widget-text-editor\" data-id=\"4066f32\" data-element_type=\"widget\" data-e-type=\"widget\" data-widget_type=\"text-editor.default\">\n\t\t\t\t<div class=\"elementor-widget-container\">\n\t\t\t\t\t\t\t\t\t<p>Wir fordern von Ihnen, Ihre T\u00e4tigkeit durch folgende Versicherungen zu decken:<\/p><ul><li><strong>Verpflichtende <\/strong><ul><li>Soziale<ul><li>Basierend auf Gegenseitigkeit<\/li><li>Vorsorge<\/li><\/ul><\/li><li>Beruflich<ul><li>Zivilrechtliche Haftung<\/li><li>Versicherung f\u00fcr die Betriebsst\u00e4tten<\/li><li>Bef\u00f6rderte G\u00fcter und Dienstleistungen<\/li><li>Fahrzeuge<\/li><\/ul><\/li><\/ul><\/li><\/ul><ul><li><strong>Fakultativ <\/strong> (<em>nicht obligatorisch, aber nur empfohlen<\/em>)<ul><li>Soziale<ul><li>Arbeitslosigkeit der politischen Entscheidungstr\u00e4ger<\/li><li>Zusatzrente<\/li><\/ul><\/li><li>Beruflich<ul><li>Verantwortlichkeit des Sozialbeauftragten<\/li><\/ul><\/li><\/ul><\/li><\/ul><p>Wir empfehlen Ihnen in erster Linie, Ihre \u00fcbernommenen Garantien f\u00fcr die Zentrale auf Frankreich zu erweitern. Wenn Ihre Versicherungsgruppe nicht zustimmt, setzen wir Sie mit Partnervermittlern in Verbindung, die bei allen Versicherungsgesellschaften nach Ihren Bed\u00fcrfnissen nach Versicherungsschutz f\u00fcr Frankreich suchen.<\/p>\t\t\t\t\t\t\t\t<\/div>\n\t\t\t\t<\/div>\n\t\t\t\t\t<\/div>\n\t\t<\/div>\n\t\t\t\t<div class=\"elementor-column elementor-col-50 elementor-top-column elementor-element elementor-element-1b60a59\" data-id=\"1b60a59\" data-element_type=\"column\" data-e-type=\"column\">\n\t\t\t<div class=\"elementor-widget-wrap elementor-element-populated\">\n\t\t\t\t\t\t<div class=\"elementor-element elementor-element-d8ea9d0 elementor-widget elementor-widget-heading\" data-id=\"d8ea9d0\" data-element_type=\"widget\" data-e-type=\"widget\" data-widget_type=\"heading.default\">\n\t\t\t\t<div class=\"elementor-widget-container\">\n\t\t\t\t\t<h2 class=\"elementor-heading-title elementor-size-default\">Wie lautet \n<br><b>die Schlussfolgerung ?<\/b><\/h2>\t\t\t\t<\/div>\n\t\t\t\t<\/div>\n\t\t\t\t<div class=\"elementor-element elementor-element-cd1cea1 elementor-widget elementor-widget-text-editor\" data-id=\"cd1cea1\" data-element_type=\"widget\" data-e-type=\"widget\" data-widget_type=\"text-editor.default\">\n\t\t\t\t<div class=\"elementor-widget-container\">\n\t\t\t\t\t\t\t\t\t<p>Dank unserer Erfahrung k\u00f6nnen wir Ihnen helfen, die Fallstricke zu vermeiden, die in der Wirtschaftsliteratur von denjenigen, die sie nicht praktizieren, als Standards dargestellt werden. Abh\u00e4ngig von Ihrer T\u00e4tigkeit werden wir Sie beispielsweise davon abhalten, ein Verbindungsb\u00fcro einzurichten, da steuerliche Toleranzen Sie in graue (Risiko-)Bereiche f\u00fchren w\u00fcrden. Dar\u00fcber hinaus sind Niederlassungen manchmal nicht die besten Instrumente, und wir werden den weniger bekannten Mechanismus f\u00fcr ausl\u00e4ndische Arbeitgeber vorstellen, ohne dass ein Steuermanagement erforderlich ist.<\/p>\t\t\t\t\t\t\t\t<\/div>\n\t\t\t\t<\/div>\n\t\t\t\t<div class=\"elementor-element elementor-element-b054be7 elementor-widget elementor-widget-image\" data-id=\"b054be7\" data-element_type=\"widget\" data-e-type=\"widget\" data-widget_type=\"image.default\">\n\t\t\t\t<div class=\"elementor-widget-container\">\n\t\t\t\t\t\t\t\t\t\t\t\t\t\t\t<img decoding=\"async\" width=\"522\" height=\"581\" src=\"https:\/\/www.aprz.eu\/wp-content\/uploads\/2020\/08\/justice-02.jpg\" class=\"attachment-large size-large wp-image-623\" alt=\"mission juridique\" srcset=\"https:\/\/www.aprz.eu\/wp-content\/uploads\/2020\/08\/justice-02.jpg 522w, https:\/\/www.aprz.eu\/wp-content\/uploads\/2020\/08\/justice-02-270x300.jpg 270w\" sizes=\"(max-width: 522px) 100vw, 522px\" \/>\t\t\t\t\t\t\t\t\t\t\t\t\t\t\t<\/div>\n\t\t\t\t<\/div>\n\t\t\t\t\t<\/div>\n\t\t<\/div>\n\t\t\t\t\t<\/div>\n\t\t<\/section>\n\t\t\t\t<\/div>\n\t\t","protected":false},"excerpt":{"rendered":"<p>RECHT Unsere Wirtschaftspr\u00fcfungsgesellschaft arbeitet mit einem Netz internationaler Rechtsanw\u00e4lte in Bezug auf Gesellschafts- und Arbeitsrecht eng zusammen, um Ihnen eine professionelle und qualitativ hochwertige Dienstleistung zu bieten. Warum betreiben Sie eine Anwaltskanzlei ? Die Partneranw\u00e4lte werden Ihre Satzung und Gr\u00fcndungsformalit\u00e4ten ausarbeiten, Ihre Termine f\u00fcr Hauptversammlungen verwalten, Arbeitsvertr\u00e4ge und Kollektivvereinbarungen f\u00fcr Ihre Mitarbeiter abschlie\u00dfen. Die Interaktion [&hellip;]<\/p>\n","protected":false},"author":1,"featured_media":0,"parent":0,"menu_order":0,"comment_status":"closed","ping_status":"closed","template":"elementor_header_footer","meta":{"footnotes":""},"class_list":["post-1111","page","type-page","status-publish","hentry"],"_links":{"self":[{"href":"https:\/\/www.aprz.eu\/de\/wp-json\/wp\/v2\/pages\/1111","targetHints":{"allow":["GET"]}}],"collection":[{"href":"https:\/\/www.aprz.eu\/de\/wp-json\/wp\/v2\/pages"}],"about":[{"href":"https:\/\/www.aprz.eu\/de\/wp-json\/wp\/v2\/types\/page"}],"author":[{"embeddable":true,"href":"https:\/\/www.aprz.eu\/de\/wp-json\/wp\/v2\/users\/1"}],"replies":[{"embeddable":true,"href":"https:\/\/www.aprz.eu\/de\/wp-json\/wp\/v2\/comments?post=1111"}],"version-history":[{"count":17,"href":"https:\/\/www.aprz.eu\/de\/wp-json\/wp\/v2\/pages\/1111\/revisions"}],"predecessor-version":[{"id":1798,"href":"https:\/\/www.aprz.eu\/de\/wp-json\/wp\/v2\/pages\/1111\/revisions\/1798"}],"wp:attachment":[{"href":"https:\/\/www.aprz.eu\/de\/wp-json\/wp\/v2\/media?parent=1111"}],"curies":[{"name":"wp","href":"https:\/\/api.w.org\/{rel}","templated":true}]}}